{"id":235,"date":"2024-01-22T19:29:22","date_gmt":"2024-01-22T19:29:22","guid":{"rendered":"https:\/\/fisioterapiaenlleida.com\/?page_id=235"},"modified":"2024-02-07T10:34:12","modified_gmt":"2024-02-07T10:34:12","slug":"fisioterapia","status":"publish","type":"page","link":"https:\/\/fisioterapiaenlleida.com\/ca\/servicios\/fisioterapia\/","title":{"rendered":"Fisioter\u00e0pia"},"content":{"rendered":"\t\t<div data-elementor-type=\"wp-page\" data-elementor-id=\"235\" class=\"elementor elementor-235\" data-elementor-post-type=\"page\">\n\t\t\t\t\t\t<section class=\"elementor-section elementor-top-section elementor-element elementor-element-31bfe789 elementor-section-full_width elementor-section-height-min-height elementor-section-height-default elementor-section-items-middle\" data-id=\"31bfe789\" data-element_type=\"section\" data-settings=\"{&quot;background_background&quot;:&quot;gradient&quot;}\">\n\t\t\t\t\t\t<div class=\"elementor-container elementor-column-gap-default\">\n\t\t\t\t\t<div class=\"elementor-column elementor-col-100 elementor-top-column elementor-element elementor-element-be3db5a elementor-invisible\" data-id=\"be3db5a\" data-element_type=\"column\" data-settings=\"{&quot;background_background&quot;:&quot;classic&quot;,&quot;animation&quot;:&quot;fadeInUp&quot;}\">\n\t\t\t<div class=\"elementor-widget-wrap elementor-element-populated\">\n\t\t\t\t\t\t<div class=\"elementor-element elementor-element-403429ce elementor-widget elementor-widget-heading\" data-id=\"403429ce\" data-element_type=\"widget\" data-widget_type=\"heading.default\">\n\t\t\t\t<div class=\"elementor-widget-container\">\n\t\t\t<style>\/*! elementor - v3.19.0 - 05-02-2024 *\/\n.elementor-heading-title{padding:0;margin:0;line-height:1}.elementor-widget-heading .elementor-heading-title[class*=elementor-size-]>a{color:inherit;font-size:inherit;line-height:inherit}.elementor-widget-heading .elementor-heading-title.elementor-size-small{font-size:15px}.elementor-widget-heading .elementor-heading-title.elementor-size-medium{font-size:19px}.elementor-widget-heading .elementor-heading-title.elementor-size-large{font-size:29px}.elementor-widget-heading .elementor-heading-title.elementor-size-xl{font-size:39px}.elementor-widget-heading .elementor-heading-title.elementor-size-xxl{font-size:59px}<\/style><h1 class=\"elementor-heading-title elementor-size-default\">Fisioterapia<\/h1>\t\t<\/div>\n\t\t\t\t<\/div>\n\t\t\t\t\t<\/div>\n\t\t<\/div>\n\t\t\t\t\t<\/div>\n\t\t<\/section>\n\t\t\t\t<section class=\"elementor-section elementor-top-section elementor-element elementor-element-67c14fd4 elementor-section-boxed elementor-section-height-default elementor-section-height-default\" data-id=\"67c14fd4\" data-element_type=\"section\">\n\t\t\t\t\t\t<div class=\"elementor-container elementor-column-gap-default\">\n\t\t\t\t\t<div class=\"elementor-column elementor-col-100 elementor-top-column elementor-element elementor-element-4e2c36bb\" data-id=\"4e2c36bb\" data-element_type=\"column\">\n\t\t\t<div class=\"elementor-widget-wrap elementor-element-populated\">\n\t\t\t\t\t\t<div class=\"elementor-element elementor-element-61a987b0 elementor-widget elementor-widget-heading\" data-id=\"61a987b0\" data-element_type=\"widget\" data-widget_type=\"heading.default\">\n\t\t\t\t<div class=\"elementor-widget-container\">\n\t\t\t<h2 class=\"elementor-heading-title elementor-size-default\">Fisioterapia y recuperaci\u00f3n funcional<\/h2>\t\t<\/div>\n\t\t\t\t<\/div>\n\t\t\t\t<div class=\"elementor-element elementor-element-1a8692e5 elementor-widget elementor-widget-text-editor\" data-id=\"1a8692e5\" data-element_type=\"widget\" data-widget_type=\"text-editor.default\">\n\t\t\t\t<div class=\"elementor-widget-container\">\n\t\t\t<style>\/*! elementor - v3.19.0 - 05-02-2024 *\/\n.elementor-widget-text-editor.elementor-drop-cap-view-stacked .elementor-drop-cap{background-color:#69727d;color:#fff}.elementor-widget-text-editor.elementor-drop-cap-view-framed .elementor-drop-cap{color:#69727d;border:3px solid;background-color:transparent}.elementor-widget-text-editor:not(.elementor-drop-cap-view-default) .elementor-drop-cap{margin-top:8px}.elementor-widget-text-editor:not(.elementor-drop-cap-view-default) .elementor-drop-cap-letter{width:1em;height:1em}.elementor-widget-text-editor .elementor-drop-cap{float:left;text-align:center;line-height:1;font-size:50px}.elementor-widget-text-editor .elementor-drop-cap-letter{display:inline-block}<\/style>\t\t\t\t<p data-wp-editing=\"1\"><span style=\"color: #000000;\">La Fisioterapia configura una de las terapias pilares de la medicina, y persigue la<img fetchpriority=\"high\" decoding=\"async\" class=\"alignright wp-image-330 size-full\" src=\"https:\/\/fisioterapiacf.com\/wp-content\/uploads\/masaje1-1.png\" alt=\"\" width=\"300\" height=\"225\" title=\"\"> prevenci\u00f3n, tratamiento y recuperaci\u00f3n de enfermedades y lesiones mediante el uso de distintos tratamientos f\u00edsicos. Entre los diversos m\u00e9todos f\u00edsicos que aplica el fisioterapeuta, lo m\u00e1s importante es la terapia manual (en sus diversas concepciones, ya sean distintos tipos de masajes, movilizaci\u00f3n de articulaciones, manipulaci\u00f3n vertebral, higiene postural, etc.), aunque tambi\u00e9n que se apoya en otros agentes f\u00edsicos, ya sea para el diagn\u00f3stico o para el propio tratamiento, tales como agua, movimiento, temperatura, electricidad, ejercicios terap\u00e9uticos, etc. El fin que persigue es recuperar, mantener y aumentar el nivel de salud del paciente y por tanto su calidad de vida.<\/span><\/p>\t\t\t\t\t\t<\/div>\n\t\t\t\t<\/div>\n\t\t\t\t\t<\/div>\n\t\t<\/div>\n\t\t\t\t\t<\/div>\n\t\t<\/section>\n\t\t\t\t<section class=\"elementor-section elementor-top-section elementor-element elementor-element-136535c7 elementor-section-boxed elementor-section-height-default elementor-section-height-default\" data-id=\"136535c7\" data-element_type=\"section\">\n\t\t\t\t\t\t<div class=\"elementor-container elementor-column-gap-default\">\n\t\t\t\t\t<div class=\"elementor-column elementor-col-100 elementor-top-column elementor-element elementor-element-555d1a7d\" data-id=\"555d1a7d\" data-element_type=\"column\">\n\t\t\t<div class=\"elementor-widget-wrap elementor-element-populated\">\n\t\t\t\t\t\t<div class=\"elementor-element elementor-element-583943c2 elementor-widget elementor-widget-bdt-tabs\" data-id=\"583943c2\" data-element_type=\"widget\" data-widget_type=\"bdt-tabs.default\">\n\t\t\t\t<div class=\"elementor-widget-container\">\n\t\t\t\n        <div class=\"bdt-tabs-area\">\n\n            <div id=\"bdt-tabs-583943c2-4993\" class=\"bdt-tabs  bdt-tabs-default fullwidth-on-mobile\" data-settings=\"{&quot;id&quot;:&quot;bdt-tabs-583943c2-4993&quot;,&quot;activeHash&quot;:&quot;no&quot;,&quot;hashTopOffset&quot;:70,&quot;hashScrollspyTime&quot;:1500,&quot;navStickyOffset&quot;:1,&quot;linkWidgetId&quot;:&quot;583943c2-4993&quot;}\">\n                \n                \n                        <div class=\"bdt-tab-wrapper \">\n            <div >\n                <div class=\"bdt-tab bdt-tab-default  \" data-bdt-tab=\"connect: #bdt-tab-content-583943c2-4993; animation: bdt-animation-scale-up; duration: 400;\" data-bdt-height-match=\"target: &gt; .bdt-tabs-item &gt; .bdt-tabs-item-title; row: false;\">\n                                            <div class=\"bdt-tabs-item\">\n                            <a data-title=\"Masaje-Terapeutico\" class=\"bdt-tabs-item-title\" id=\"bdt-tab-Masaje-Terapeutico\" data-tab-index=\"0\" href=\"#\">\n                                <div class=\"bdt-tab-text-wrapper bdt-flex-column\">\n\n                                    <div class=\"bdt-tab-title-icon-wrapper\">\n\n                                        \n                                                                                    <span class=\"bdt-tab-text\">\n                                                Masaje Terapeutico                                            <\/span>\n                                        \n                                        \n                                    <\/div>\n\n                                    \n                                <\/div>\n                            <\/a>\n                        <\/div>\n                                            <div class=\"bdt-tabs-item\">\n                            <a data-title=\"Drenaje-Linf\u00e1tico-y-Presoterapia\" class=\"bdt-tabs-item-title\" id=\"bdt-tab-Drenaje-Linf\u00e1tico-y-Presoterapia\" data-tab-index=\"1\" href=\"#\">\n                                <div class=\"bdt-tab-text-wrapper bdt-flex-column\">\n\n                                    <div class=\"bdt-tab-title-icon-wrapper\">\n\n                                        \n                                                                                    <span class=\"bdt-tab-text\">\n                                                Drenaje Linf\u00e1tico y Presoterapia                                            <\/span>\n                                        \n                                        \n                                    <\/div>\n\n                                    \n                                <\/div>\n                            <\/a>\n                        <\/div>\n                                            <div class=\"bdt-tabs-item\">\n                            <a data-title=\"Reflexoterapia\" class=\"bdt-tabs-item-title\" id=\"bdt-tab-Reflexoterapia\" data-tab-index=\"2\" href=\"#\">\n                                <div class=\"bdt-tab-text-wrapper bdt-flex-column\">\n\n                                    <div class=\"bdt-tab-title-icon-wrapper\">\n\n                                        \n                                                                                    <span class=\"bdt-tab-text\">\n                                                Reflexoterapia                                            <\/span>\n                                        \n                                        \n                                    <\/div>\n\n                                    \n                                <\/div>\n                            <\/a>\n                        <\/div>\n                                            <div class=\"bdt-tabs-item\">\n                            <a data-title=\"Pold\" class=\"bdt-tabs-item-title\" id=\"bdt-tab-Pold\" data-tab-index=\"3\" href=\"#\">\n                                <div class=\"bdt-tab-text-wrapper bdt-flex-column\">\n\n                                    <div class=\"bdt-tab-title-icon-wrapper\">\n\n                                        \n                                                                                    <span class=\"bdt-tab-text\">\n                                                Pold                                            <\/span>\n                                        \n                                        \n                                    <\/div>\n\n                                    \n                                <\/div>\n                            <\/a>\n                        <\/div>\n                                            <div class=\"bdt-tabs-item\">\n                            <a data-title=\"RPG-o-Reeducaci\u00f3n-Postural-Global\" class=\"bdt-tabs-item-title\" id=\"bdt-tab-RPG-o-Reeducaci\u00f3n-Postural-Global\" data-tab-index=\"4\" href=\"#\">\n                                <div class=\"bdt-tab-text-wrapper bdt-flex-column\">\n\n                                    <div class=\"bdt-tab-title-icon-wrapper\">\n\n                                        \n                                                                                    <span class=\"bdt-tab-text\">\n                                                RPG o Reeducaci\u00f3n Postural Global                                            <\/span>\n                                        \n                                        \n                                    <\/div>\n\n                                    \n                                <\/div>\n                            <\/a>\n                        <\/div>\n                                    <\/div>\n            <\/div>\n        <\/div>\n\n\n                                    \n        <div class=\"bdt-switcher-wrapper\">\n            <div id=\"bdt-tab-content-583943c2-4993\" class=\"bdt-switcher bdt-switcher-item-content\">\n                                                        <div class=\"bdt-tab-content-item \" data-content-id=\"masaje-terapeutico\">\n                        <div>\n                            <p><span style=\"color: #000000;\">Cl\u00e1sicamente, el masaje se ha definido como \u201cla manipulaci\u00f3n de los tejidos con finalidad terap\u00e9utica, higi\u00e9nica o deportiva\u201d (H. Y E. Kamenetz). Esta definici\u00f3n es totalmente v\u00e1lida en la actualidad y se corresponde con las m\u00faltiples aplicaciones y t\u00e9cnicas de masaje, tanto las tradicionales como las m\u00e1s actuales, desarrolladas en las \u00faltimas d\u00e9cadas, porque en todas ellas se manipulan los tejidos blandos (piel, tejido celular subcut\u00e1neo, m\u00fasculos fascias y tendones, ligamentos y c\u00e1psulas, fluidos corporales, tejido neural) y todas cumplen alguna de las caracter\u00edsticas de ser, o bien higi\u00e9nico-preventivas, terap\u00e9uticas o aplicables al mundo del deporte. Y muchas en dos o tres de \u00e9stas. Es cierto que hoy en d\u00eda podemos distinguir muchas variedades tanto en el \u00e1mbito de aplicaci\u00f3n como en los objetivos y t\u00e9cnicas empleadas, dado que se ha desarrollado, en los \u00faltimos a\u00f1os, una<img decoding=\"async\" class=\"size-medium wp-image-321 alignleft\" src=\"https:\/\/fisioterapiacf.com\/wp-content\/uploads\/2-300x225.png\" alt=\"\" width=\"300\" height=\"225\" title=\"\"> vast\u00edsima<\/span><\/p><p><span style=\"color: #000000;\">colecci\u00f3n de opciones de masaje que pr\u00e1cticamente cubren todas nuestras necesidades y campos de actuaci\u00f3n en el mundo de la Fisioterapia.<\/span><\/p><p><span style=\"color: #00318d;\"><strong>Tipo de masaje:<\/strong><\/span><\/p><ul><li><span style=\"color: #000000;\">Masaje relajante<\/span><\/li><li><span style=\"color: #000000;\">Masaje terap\u00e9utico y descontracturante<\/span><\/li><li><span style=\"color: #000000;\">Drenaje linf\u00e1tico<\/span><\/li><li><span style=\"color: #000000;\">Masaje circulatorio<\/span><\/li><li><span style=\"color: #000000;\">Masaje tor\u00e1cico (Clapping)<\/span><\/li><li><span style=\"color: #000000;\">Masaje est\u00e9tico (anticelul\u00edtico, reafirmante, etc.)<\/span><\/li><\/ul><p>\u00a0<\/p>                        <\/div>\n                    <\/div>\n                                                        <div class=\"bdt-tab-content-item \" data-content-id=\"drenaje-linf-tico-y-presoterapia\">\n                        <div>\n                            <div class=\"et_pb_row et_pb_row_0\"><div class=\"et_pb_column et_pb_column_4_4 et_pb_column_0 et_pb_css_mix_blend_mode_passthrough et-last-child\"><div class=\"et_pb_module et_pb_text et_pb_text_0 et_pb_bg_layout_light et_pb_text_align_justified\"><div class=\"et_pb_text_inner\"><p><span style=\"color: #000000;\">El sistema linf\u00e1tico se encuentra distribuido por todo el organismo y tiene la funci\u00f3n de transportar<\/span> <img decoding=\"async\" class=\"size-medium wp-image-322 alignleft\" src=\"https:\/\/fisioterapiacf.com\/wp-content\/uploads\/3-1-300x225.png\" alt=\"\" width=\"300\" height=\"225\" title=\"\"><span style=\"color: #000000;\">limfa<\/span><\/p><p><span style=\"color: #000000;\">desde los tejidos intersticiales hasta el sistema venoso. El drenaje linf\u00e1tico manual es un masaje espec\u00edfico para drenar este exceso de l\u00edquido intersticial y transportarlo hasta el sistema vascular. Se basa en movimientos lentos y de poca presi\u00f3n, a diferencia del masaje convencional.<\/span><\/p><p><span style=\"color: #000000;\">Este tratamiento, en muchas ocasiones se complementa con presoterapia, venas fr\u00edas y vendajes, para mantener el efecto del drenaje en los casos que lo requieran.<\/span><\/p><p><span style=\"color: #000000;\">El drenaje linf\u00e1tico est\u00e1 indicado en linfoedemas, flevoedemas, lipedemas, edemas post-intervenciones quir\u00fargicas, como c\u00e1ncer de pecho y trastornos de origen reum\u00e1tico.<\/span><\/p><\/div><\/div><\/div><\/div>                        <\/div>\n                    <\/div>\n                                                        <div class=\"bdt-tab-content-item \" data-content-id=\"reflexoterapia\">\n                        <div>\n                            <p><span style=\"color: #000000;\">La reflexoterapia se basa en la aplicaci\u00f3n de diferentes presiones, con objetivo terap\u00e9utico, <img loading=\"lazy\" decoding=\"async\" class=\"size-medium wp-image-324 alignleft\" src=\"https:\/\/fisioterapiacf.com\/wp-content\/uploads\/5-235x300-225x300.png\" alt=\"\" width=\"225\" height=\"300\" title=\"\">que incide sobre puntos reflejos espec\u00edficos situados en todo el pie, para obtener un reequilibrio en el organismo y en las patolog\u00edas que el cliente presenta: problemas dermatol\u00f3gicos ( psoriasis, dermatitis,\u2026), de estr\u00e9s, estre\u00f1imiento, molestias abdominales, \u2026<\/span><\/p>                        <\/div>\n                    <\/div>\n                                                        <div class=\"bdt-tab-content-item \" data-content-id=\"pold\">\n                        <div>\n                            <div class=\"et_pb_row et_pb_row_0\"><div class=\"et_pb_column et_pb_column_4_4 et_pb_column_0 et_pb_css_mix_blend_mode_passthrough et-last-child\"><div class=\"et_pb_module et_pb_text et_pb_text_0 et_pb_bg_layout_light et_pb_text_align_justified\"><div class=\"et_pb_text_inner\"><p><span style=\"color: #000000;\">El m\u00e9todo Pold es un conjunto de t\u00e9cnicas de fisioterapia que se aplica de forma manual<\/span><img loading=\"lazy\" decoding=\"async\" class=\"alignleft wp-image-325 size-full\" src=\"https:\/\/fisioterapiacf.com\/wp-content\/uploads\/7-229x300.png\" alt=\"Pold\" width=\"225\" height=\"300\" title=\"\"> y est\u00e1 basado<\/p><p><span style=\"color: #000000;\">en la aplicaci\u00f3n de una oscilaci\u00f3n r\u00edtmica en la zona a tratar, tanto en los m\u00fasculos y tendones como en las articulaciones, y que se mantiene durante todo el tratamiento. Esto provoca un estado de relajaci\u00f3n y flexibilizaci\u00f3n en los tejidos muy intenso, permitiendo un ajuste de los mismos a la posici\u00f3n de equilibrio natural, mediante unas maniobras de correcci\u00f3n que se aplican mientras est\u00e1n en ese estado de profunda relajaci\u00f3n.<\/span><\/p><p>\u00a0<\/p><\/div><\/div><\/div><\/div>                        <\/div>\n                    <\/div>\n                                                        <div class=\"bdt-tab-content-item \" data-content-id=\"rpg-o-reeducaci-n-postural-global\">\n                        <div>\n                            <div class=\"et_pb_row et_pb_row_0\"><div class=\"et_pb_column et_pb_column_4_4 et_pb_column_0 et_pb_css_mix_blend_mode_passthrough et-last-child\"><div class=\"et_pb_module et_pb_text et_pb_text_0 et_pb_bg_layout_light et_pb_text_align_justified\"><div class=\"et_pb_text_inner\"><p><span style=\"color: #000000;\">La reeducaci\u00f3n postural global o <img loading=\"lazy\" decoding=\"async\" class=\"alignleft wp-image-327 size-full\" src=\"https:\/\/fisioterapiacf.com\/wp-content\/uploads\/rpg-2.png\" alt=\"\" width=\"513\" height=\"216\" title=\"\">RPG es un m\u00e9todo<\/span> <span style=\"color: #000000;\">de fisioterapia suave, progresivo y activo, que puede ser aplicado en cualquier edad, tanto de forma preventiva (educaci\u00f3n postural en ni\u00f1os, higiene postural en puestos de trabajo,\u2026) como de forma curativa (deformidades de columna, patolog\u00edas dolorosas de columna, patolog\u00edas articulares y tendinosas,\u2026). La RPG parte de la individualidad de cada persona, para dise\u00f1ar un tratamiento global que resuelva las causas que han provocado la patolog\u00eda, se trata el cuerpo como un todo, de forma global, y es el paciente quien trabaja de forma activa guiado en todo momento por el terapeuta.<\/span><br \/><span style=\"color: #00318d;\"><strong>\u00bfA qui\u00e9n va dirigido?<\/strong><\/span><br \/><span style=\"color: #000000;\">El beneficio de esta terapia va dirigido a todos los colectivos, desde los m\u00e1s j\u00f3venes que pueden sufrir problemas como la escoliosis, hasta los mayores, como m\u00e9todo de mantenimiento de cara al progresivo deterioro provocado por el envejecimiento biol\u00f3gico . Es obvio que el ritmo de vida, el estr\u00e9s y otros muchos factores como el sedentarismo y la poca higiene postural a la hora de trabajar, son origen de lesiones y\/o patolog\u00edas que pueden menguar incluso parar nuestro ritmo de vida normal . Es por eso que proponemos la oportunidad de poder disfrutar de una buena calidad de vida desde esta terapia globalizada.<\/span><\/p><\/div><\/div><\/div><\/div>                        <\/div>\n                    <\/div>\n                            <\/div>\n        <\/div>\n                    \n                                <a href=\"#\" id=\"bottom-anchor-583943c2-4993\" data-bdt-hidden><\/a>\n            <\/div>\n        <\/div>\n    \t\t<\/div>\n\t\t\t\t<\/div>\n\t\t\t\t\t<\/div>\n\t\t<\/div>\n\t\t\t\t\t<\/div>\n\t\t<\/section>\n\t\t\t\t<section class=\"elementor-section elementor-top-section elementor-element elementor-element-4ad2e9ed elementor-section-boxed elementor-section-height-default elementor-section-height-default\" data-id=\"4ad2e9ed\" data-element_type=\"section\">\n\t\t\t\t\t\t<div class=\"elementor-container elementor-column-gap-default\">\n\t\t\t\t\t<div class=\"elementor-column elementor-col-33 elementor-top-column elementor-element elementor-element-25caa8af\" data-id=\"25caa8af\" data-element_type=\"column\">\n\t\t\t<div class=\"elementor-widget-wrap elementor-element-populated\">\n\t\t\t\t\t\t<div class=\"elementor-element elementor-element-32166e2d elementor-align-center elementor-widget elementor-widget-button\" data-id=\"32166e2d\" data-element_type=\"widget\" data-widget_type=\"button.default\">\n\t\t\t\t<div class=\"elementor-widget-container\">\n\t\t\t\t\t<div class=\"elementor-button-wrapper\">\n\t\t\t<a class=\"elementor-button elementor-button-link elementor-size-md\" href=\"https:\/\/fisioterapiaenlleida.com\/index.php\/servicios\/\">\n\t\t\t\t\t\t<span class=\"elementor-button-content-wrapper\">\n\t\t\t\t\t\t<span class=\"elementor-button-text\">Servicios     <\/span>\n\t\t<\/span>\n\t\t\t\t\t<\/a>\n\t\t<\/div>\n\t\t\t\t<\/div>\n\t\t\t\t<\/div>\n\t\t\t\t\t<\/div>\n\t\t<\/div>\n\t\t\t\t<div class=\"elementor-column elementor-col-33 elementor-top-column elementor-element elementor-element-7547d33c\" data-id=\"7547d33c\" data-element_type=\"column\">\n\t\t\t<div class=\"elementor-widget-wrap elementor-element-populated\">\n\t\t\t\t\t\t<div class=\"elementor-element elementor-element-4cf51e87 elementor-align-center elementor-widget elementor-widget-button\" data-id=\"4cf51e87\" data-element_type=\"widget\" data-widget_type=\"button.default\">\n\t\t\t\t<div class=\"elementor-widget-container\">\n\t\t\t\t\t<div class=\"elementor-button-wrapper\">\n\t\t\t<a class=\"elementor-button elementor-button-link elementor-size-md\" href=\"https:\/\/fisioterapiaenlleida.com\/index.php\/contactar\/\">\n\t\t\t\t\t\t<span class=\"elementor-button-content-wrapper\">\n\t\t\t\t\t\t<span class=\"elementor-button-text\">M\u00e1s Informaci\u00f3n<\/span>\n\t\t<\/span>\n\t\t\t\t\t<\/a>\n\t\t<\/div>\n\t\t\t\t<\/div>\n\t\t\t\t<\/div>\n\t\t\t\t\t<\/div>\n\t\t<\/div>\n\t\t\t\t<div class=\"elementor-column elementor-col-33 elementor-top-column elementor-element elementor-element-2b1734d0\" data-id=\"2b1734d0\" data-element_type=\"column\">\n\t\t\t<div class=\"elementor-widget-wrap elementor-element-populated\">\n\t\t\t\t\t\t<div class=\"elementor-element elementor-element-319f1d93 elementor-align-center elementor-widget elementor-widget-button\" data-id=\"319f1d93\" data-element_type=\"widget\" data-widget_type=\"button.default\">\n\t\t\t\t<div class=\"elementor-widget-container\">\n\t\t\t\t\t<div class=\"elementor-button-wrapper\">\n\t\t\t<a class=\"elementor-button elementor-button-link elementor-size-md\" href=\"https:\/\/fisioterapiaenlleida.com\/index.php\/tarifas\/\">\n\t\t\t\t\t\t<span class=\"elementor-button-content-wrapper\">\n\t\t\t\t\t\t<span class=\"elementor-button-text\">Tarifas y precios<\/span>\n\t\t<\/span>\n\t\t\t\t\t<\/a>\n\t\t<\/div>\n\t\t\t\t<\/div>\n\t\t\t\t<\/div>\n\t\t\t\t\t<\/div>\n\t\t<\/div>\n\t\t\t\t\t<\/div>\n\t\t<\/section>\n\t\t\t\t<\/div>\n\t\t","protected":false},"excerpt":{"rendered":"<p>T\u00e9cnicas de Fisioterapia en el Centro de Fisioterapia CF. Masaje terap\u00e9utico, drenaje linf\u00e1tico, RPG, reflexologia, POLD.<\/p>","protected":false},"author":1,"featured_media":181,"parent":54,"menu_order":1,"comment_status":"closed","ping_status":"closed","template":"","meta":{"footnotes":""},"class_list":["post-235","page","type-page","status-publish","has-post-thumbnail","hentry"],"_links":{"self":[{"href":"https:\/\/fisioterapiaenlleida.com\/ca\/wp-json\/wp\/v2\/pages\/235","targetHints":{"allow":["GET"]}}],"collection":[{"href":"https:\/\/fisioterapiaenlleida.com\/ca\/wp-json\/wp\/v2\/pages"}],"about":[{"href":"https:\/\/fisioterapiaenlleida.com\/ca\/wp-json\/wp\/v2\/types\/page"}],"author":[{"embeddable":true,"href":"https:\/\/fisioterapiaenlleida.com\/ca\/wp-json\/wp\/v2\/users\/1"}],"replies":[{"embeddable":true,"href":"https:\/\/fisioterapiaenlleida.com\/ca\/wp-json\/wp\/v2\/comments?post=235"}],"version-history":[{"count":29,"href":"https:\/\/fisioterapiaenlleida.com\/ca\/wp-json\/wp\/v2\/pages\/235\/revisions"}],"predecessor-version":[{"id":574,"href":"https:\/\/fisioterapiaenlleida.com\/ca\/wp-json\/wp\/v2\/pages\/235\/revisions\/574"}],"up":[{"embeddable":true,"href":"https:\/\/fisioterapiaenlleida.com\/ca\/wp-json\/wp\/v2\/pages\/54"}],"wp:featuredmedia":[{"embeddable":true,"href":"https:\/\/fisioterapiaenlleida.com\/ca\/wp-json\/wp\/v2\/media\/181"}],"wp:attachment":[{"href":"https:\/\/fisioterapiaenlleida.com\/ca\/wp-json\/wp\/v2\/media?parent=235"}],"curies":[{"name":"wp","href":"https:\/\/api.w.org\/{rel}","templated":true}]}}