{"id":267,"date":"2024-01-22T20:46:12","date_gmt":"2024-01-22T20:46:12","guid":{"rendered":"https:\/\/fisioterapiaenlleida.com\/?page_id=267"},"modified":"2024-02-07T10:34:40","modified_gmt":"2024-02-07T10:34:40","slug":"fisioterapiarespiratoria","status":"publish","type":"page","link":"https:\/\/fisioterapiaenlleida.com\/ca\/servicios\/fisioterapiarespiratoria\/","title":{"rendered":"Fisioter\u00e0pia respiratoria"},"content":{"rendered":"\t\t<div data-elementor-type=\"wp-page\" data-elementor-id=\"267\" class=\"elementor elementor-267\" data-elementor-post-type=\"page\">\n\t\t\t\t\t\t<section class=\"elementor-section elementor-top-section elementor-element elementor-element-31bfe789 elementor-section-full_width elementor-section-height-min-height elementor-section-height-default elementor-section-items-middle\" data-id=\"31bfe789\" data-element_type=\"section\" data-settings=\"{&quot;background_background&quot;:&quot;gradient&quot;}\">\n\t\t\t\t\t\t<div class=\"elementor-container elementor-column-gap-default\">\n\t\t\t\t\t<div class=\"elementor-column elementor-col-100 elementor-top-column elementor-element elementor-element-be3db5a elementor-invisible\" data-id=\"be3db5a\" data-element_type=\"column\" data-settings=\"{&quot;background_background&quot;:&quot;classic&quot;,&quot;animation&quot;:&quot;fadeInUp&quot;}\">\n\t\t\t<div class=\"elementor-widget-wrap elementor-element-populated\">\n\t\t\t\t\t\t<div class=\"elementor-element elementor-element-403429ce elementor-widget elementor-widget-heading\" data-id=\"403429ce\" data-element_type=\"widget\" data-widget_type=\"heading.default\">\n\t\t\t\t<div class=\"elementor-widget-container\">\n\t\t\t<style>\/*! elementor - v3.19.0 - 05-02-2024 *\/\n.elementor-heading-title{padding:0;margin:0;line-height:1}.elementor-widget-heading .elementor-heading-title[class*=elementor-size-]>a{color:inherit;font-size:inherit;line-height:inherit}.elementor-widget-heading .elementor-heading-title.elementor-size-small{font-size:15px}.elementor-widget-heading .elementor-heading-title.elementor-size-medium{font-size:19px}.elementor-widget-heading .elementor-heading-title.elementor-size-large{font-size:29px}.elementor-widget-heading .elementor-heading-title.elementor-size-xl{font-size:39px}.elementor-widget-heading .elementor-heading-title.elementor-size-xxl{font-size:59px}<\/style><h1 class=\"elementor-heading-title elementor-size-default\">Fisioterapia respiratoria<\/h1>\t\t<\/div>\n\t\t\t\t<\/div>\n\t\t\t\t\t<\/div>\n\t\t<\/div>\n\t\t\t\t\t<\/div>\n\t\t<\/section>\n\t\t\t\t<section class=\"elementor-section elementor-top-section elementor-element elementor-element-3c15780d elementor-section-boxed elementor-section-height-default elementor-section-height-default\" data-id=\"3c15780d\" data-element_type=\"section\">\n\t\t\t\t\t\t<div class=\"elementor-container elementor-column-gap-default\">\n\t\t\t\t\t<div class=\"elementor-column elementor-col-100 elementor-top-column elementor-element elementor-element-2200bc4e\" data-id=\"2200bc4e\" data-element_type=\"column\">\n\t\t\t<div class=\"elementor-widget-wrap elementor-element-populated\">\n\t\t\t\t\t\t<div class=\"elementor-element elementor-element-fc72266 elementor-widget elementor-widget-text-editor\" data-id=\"fc72266\" data-element_type=\"widget\" data-widget_type=\"text-editor.default\">\n\t\t\t\t<div class=\"elementor-widget-container\">\n\t\t\t<style>\/*! elementor - v3.19.0 - 05-02-2024 *\/\n.elementor-widget-text-editor.elementor-drop-cap-view-stacked .elementor-drop-cap{background-color:#69727d;color:#fff}.elementor-widget-text-editor.elementor-drop-cap-view-framed .elementor-drop-cap{color:#69727d;border:3px solid;background-color:transparent}.elementor-widget-text-editor:not(.elementor-drop-cap-view-default) .elementor-drop-cap{margin-top:8px}.elementor-widget-text-editor:not(.elementor-drop-cap-view-default) .elementor-drop-cap-letter{width:1em;height:1em}.elementor-widget-text-editor .elementor-drop-cap{float:left;text-align:center;line-height:1;font-size:50px}.elementor-widget-text-editor .elementor-drop-cap-letter{display:inline-block}<\/style>\t\t\t\t<h2><span style=\"color: #00318d;\">\u00bfQue es la Fisioterapia respiratoria?<\/span><\/h2><p><span style=\"color: #000000;\">La Fisioterapia Respiratoria (FR) es una especialidad dentro de la Fisioterapia que mediante unas t\u00e9cnicas y maniobras espec\u00edficas, tiene el objetivo de prevenir, curar, mejorar o estabilizar patolog\u00edas agudas o cr\u00f3nicas que afecten al sistema respiratorio. Se basa en los conocimientos fisiol\u00f3gicos, fisiopatol\u00f3gicos y biomec\u00e1nicos de este sistema.<\/span><\/p><p><span style=\"color: #000000;\">En el Centro de Fisioterapia CF, tenemos con la Fisioterapia respiratoria unas herramientas adicionales tanto a la hora de realizar diagn\u00f3sticos como de aplicar tratamientos, procuramos tratar y prevenir cualquier disfunci\u00f3n en los m\u00fasculos involucrados para mejorar la ventilaci\u00f3n pulmonar.<\/span><br \/><span style=\"color: #000000;\">Siempre adaptando ejercicios a las capacidades respiratorias y f\u00edsicas del paciente.<\/span><\/p>\t\t\t\t\t\t<\/div>\n\t\t\t\t<\/div>\n\t\t\t\t<section class=\"elementor-section elementor-inner-section elementor-element elementor-element-81923d0 elementor-section-boxed elementor-section-height-default elementor-section-height-default\" data-id=\"81923d0\" data-element_type=\"section\">\n\t\t\t\t\t\t<div class=\"elementor-container elementor-column-gap-default\">\n\t\t\t\t\t<div class=\"elementor-column elementor-col-50 elementor-inner-column elementor-element elementor-element-61336e09\" data-id=\"61336e09\" data-element_type=\"column\">\n\t\t\t<div class=\"elementor-widget-wrap elementor-element-populated\">\n\t\t\t\t\t\t<div class=\"elementor-element elementor-element-6921d891 elementor-widget elementor-widget-image\" data-id=\"6921d891\" data-element_type=\"widget\" data-widget_type=\"image.default\">\n\t\t\t\t<div class=\"elementor-widget-container\">\n\t\t\t<style>\/*! elementor - v3.19.0 - 05-02-2024 *\/\n.elementor-widget-image{text-align:center}.elementor-widget-image a{display:inline-block}.elementor-widget-image a img[src$=\".svg\"]{width:48px}.elementor-widget-image img{vertical-align:middle;display:inline-block}<\/style>\t\t\t\t\t\t\t\t\t\t<img fetchpriority=\"high\" decoding=\"async\" width=\"300\" height=\"222\" src=\"https:\/\/fisioterapiaenlleida.com\/wp-content\/uploads\/2024\/01\/respiratoria.png\" class=\"attachment-full size-full wp-image-316\" alt=\"\" title=\"\">\t\t\t\t\t\t\t\t\t\t\t\t\t<\/div>\n\t\t\t\t<\/div>\n\t\t\t\t\t<\/div>\n\t\t<\/div>\n\t\t\t\t<div class=\"elementor-column elementor-col-50 elementor-inner-column elementor-element elementor-element-79d536d9\" data-id=\"79d536d9\" data-element_type=\"column\">\n\t\t\t<div class=\"elementor-widget-wrap elementor-element-populated\">\n\t\t\t\t\t\t<div class=\"elementor-element elementor-element-6fb9ea83 elementor-widget elementor-widget-text-editor\" data-id=\"6fb9ea83\" data-element_type=\"widget\" data-widget_type=\"text-editor.default\">\n\t\t\t\t<div class=\"elementor-widget-container\">\n\t\t\t\t\t\t\t<h2><span style=\"color: #00318d;\">Beneficios de <\/span>la Fisioterapia respiratoria<\/h2><p><span style=\"color: #000000;\">La Fisioterapia respiratoria es una rama dentro de la Fisioterapia que tiene m\u00e1s de un siglo de evoluci\u00f3n; aunque en Espa\u00f1a no sea una especialidad oficial, s\u00ed que lo es en varios pa\u00edses, donde tiene un gran reconocimiento y presencia. Cada vez va adquiriendo mayor protagonismo a ra\u00edz de los grandes resultados que ofrece en multitud de escenarios: desde pacientes ingresados \u200b\u200ben unidades de cr\u00edticos hasta pacientes cr\u00f3nicos o ni\u00f1os.<\/span><\/p><p><span style=\"color: #000000;\">La Fisioterapia respiratoria en general tiene como objetivos:<\/span><\/p><p><span style=\"color: #000000;\">\u2022 Facilitar la eliminaci\u00f3n de secreciones (moc)<\/span><br \/><span style=\"color: #000000;\">\u2022 Mejorar la funci\u00f3n pulmonar, capacidad de ejercicio y calidad de vida<\/span><br \/><span style=\"color: #000000;\">\u2022 Reeducar el patr\u00f3n ventilatorio<\/span><br \/><span style=\"color: #000000;\">\u2022 Mejorar la fuerza\/funcionalidad de la musculatura respiratoria<\/span><br \/><span style=\"color: #000000;\">\u2022 Prevenir posibles disfunciones respiratorias derivadas de otras patolog\u00edas (cirug\u00edas abdominales o tor\u00e1cicas, transplantes pulmonares, etc.)<\/span><\/p><p><span style=\"color: #000000;\">Se pueden beneficiar tanto beb\u00e9s, ni\u00f1os\/as y adultos en multitud de patolog\u00edas y condiciones:<\/span><\/p><p><span style=\"color: #000000;\">\u2022 Enfermedad Pulmonar Obstructiva Cr\u00f3nica &#8211; EPOC.<\/span><br \/><span style=\"color: #000000;\">\u2022 Bronquiectasias.<\/span><br \/><span style=\"color: #000000;\">\u2022 Fibrosis Qu\u00edstica.<\/span><br \/><span style=\"color: #000000;\">\u2022 Enfermedades intersticiales pulmonares.<\/span><br \/><span style=\"color: #000000;\">\u2022 Neumon\u00edas.<\/span><br \/><span style=\"color: #000000;\">\u2022 Neumot\u00f3rax.<\/span><br \/><span style=\"color: #000000;\">\u2022 Atelectasias.<\/span><br \/><span style=\"color: #000000;\">\u2022 Bronquitis.<\/span><br \/><span style=\"color: #000000;\">\u2022 Bronquiolitis.<\/span><br \/><span style=\"color: #000000;\">\u2022 Enfermedades neurol\u00f3gicas o neuromusculares.<\/span><br \/><span style=\"color: #000000;\">\u2022 Fibrosis pulmonar.<\/span><br \/><span style=\"color: #000000;\">\u2022 Asma.<\/span><br \/><span style=\"color: #000000;\">\u2022 Secuelas de la Covid-19.<\/span><br \/><span style=\"color: #000000;\">\u2022 Previa y\/o posteriormente de una cirug\u00eda abdominal o tor\u00e1cica, con el fin de prevenir o mejorar posibles complicaciones pulmonares.<\/span><br \/><span style=\"color: #000000;\">\u2022 Transplantes o resecciones pulmonares.<\/span><\/p><p>\u00a0<\/p>\t\t\t\t\t\t<\/div>\n\t\t\t\t<\/div>\n\t\t\t\t\t<\/div>\n\t\t<\/div>\n\t\t\t\t\t<\/div>\n\t\t<\/section>\n\t\t\t\t\t<\/div>\n\t\t<\/div>\n\t\t\t\t\t<\/div>\n\t\t<\/section>\n\t\t\t\t<section class=\"elementor-section elementor-top-section elementor-element elementor-element-4ad2e9ed elementor-section-boxed elementor-section-height-default elementor-section-height-default\" data-id=\"4ad2e9ed\" data-element_type=\"section\">\n\t\t\t\t\t\t<div class=\"elementor-container elementor-column-gap-default\">\n\t\t\t\t\t<div class=\"elementor-column elementor-col-33 elementor-top-column elementor-element elementor-element-25caa8af\" data-id=\"25caa8af\" data-element_type=\"column\">\n\t\t\t<div class=\"elementor-widget-wrap elementor-element-populated\">\n\t\t\t\t\t\t<div class=\"elementor-element elementor-element-32166e2d elementor-align-center elementor-widget elementor-widget-button\" data-id=\"32166e2d\" data-element_type=\"widget\" data-widget_type=\"button.default\">\n\t\t\t\t<div class=\"elementor-widget-container\">\n\t\t\t\t\t<div class=\"elementor-button-wrapper\">\n\t\t\t<a class=\"elementor-button elementor-button-link elementor-size-md\" href=\"https:\/\/fisioterapiaenlleida.com\/index.php\/servicios\/\">\n\t\t\t\t\t\t<span class=\"elementor-button-content-wrapper\">\n\t\t\t\t\t\t<span class=\"elementor-button-text\">Servicios     <\/span>\n\t\t<\/span>\n\t\t\t\t\t<\/a>\n\t\t<\/div>\n\t\t\t\t<\/div>\n\t\t\t\t<\/div>\n\t\t\t\t\t<\/div>\n\t\t<\/div>\n\t\t\t\t<div class=\"elementor-column elementor-col-33 elementor-top-column elementor-element elementor-element-7547d33c\" data-id=\"7547d33c\" data-element_type=\"column\">\n\t\t\t<div class=\"elementor-widget-wrap elementor-element-populated\">\n\t\t\t\t\t\t<div class=\"elementor-element elementor-element-4cf51e87 elementor-align-center elementor-widget elementor-widget-button\" data-id=\"4cf51e87\" data-element_type=\"widget\" data-widget_type=\"button.default\">\n\t\t\t\t<div class=\"elementor-widget-container\">\n\t\t\t\t\t<div class=\"elementor-button-wrapper\">\n\t\t\t<a class=\"elementor-button elementor-button-link elementor-size-md\" href=\"https:\/\/fisioterapiaenlleida.com\/index.php\/contactar\/\">\n\t\t\t\t\t\t<span class=\"elementor-button-content-wrapper\">\n\t\t\t\t\t\t<span class=\"elementor-button-text\">M\u00e1s Informaci\u00f3n<\/span>\n\t\t<\/span>\n\t\t\t\t\t<\/a>\n\t\t<\/div>\n\t\t\t\t<\/div>\n\t\t\t\t<\/div>\n\t\t\t\t\t<\/div>\n\t\t<\/div>\n\t\t\t\t<div class=\"elementor-column elementor-col-33 elementor-top-column elementor-element elementor-element-2b1734d0\" data-id=\"2b1734d0\" data-element_type=\"column\">\n\t\t\t<div class=\"elementor-widget-wrap elementor-element-populated\">\n\t\t\t\t\t\t<div class=\"elementor-element elementor-element-319f1d93 elementor-align-center elementor-widget elementor-widget-button\" data-id=\"319f1d93\" data-element_type=\"widget\" data-widget_type=\"button.default\">\n\t\t\t\t<div class=\"elementor-widget-container\">\n\t\t\t\t\t<div class=\"elementor-button-wrapper\">\n\t\t\t<a class=\"elementor-button elementor-button-link elementor-size-md\" href=\"https:\/\/fisioterapiaenlleida.com\/index.php\/tarifas\/\">\n\t\t\t\t\t\t<span class=\"elementor-button-content-wrapper\">\n\t\t\t\t\t\t<span class=\"elementor-button-text\">Tarifas y precios<\/span>\n\t\t<\/span>\n\t\t\t\t\t<\/a>\n\t\t<\/div>\n\t\t\t\t<\/div>\n\t\t\t\t<\/div>\n\t\t\t\t\t<\/div>\n\t\t<\/div>\n\t\t\t\t\t<\/div>\n\t\t<\/section>\n\t\t\t\t<\/div>\n\t\t","protected":false},"excerpt":{"rendered":"<p>La Fisioterapia Respiratoria tiene el objetivo de prevenir, curar, mejorar o estabilizar patolog\u00edas agudas o cr\u00f3nicas que afecten al sistema respiratorio.<\/p>","protected":false},"author":1,"featured_media":183,"parent":54,"menu_order":3,"comment_status":"closed","ping_status":"closed","template":"elementor_header_footer","meta":{"footnotes":""},"class_list":["post-267","page","type-page","status-publish","has-post-thumbnail","hentry"],"_links":{"self":[{"href":"https:\/\/fisioterapiaenlleida.com\/ca\/wp-json\/wp\/v2\/pages\/267","targetHints":{"allow":["GET"]}}],"collection":[{"href":"https:\/\/fisioterapiaenlleida.com\/ca\/wp-json\/wp\/v2\/pages"}],"about":[{"href":"https:\/\/fisioterapiaenlleida.com\/ca\/wp-json\/wp\/v2\/types\/page"}],"author":[{"embeddable":true,"href":"https:\/\/fisioterapiaenlleida.com\/ca\/wp-json\/wp\/v2\/users\/1"}],"replies":[{"embeddable":true,"href":"https:\/\/fisioterapiaenlleida.com\/ca\/wp-json\/wp\/v2\/comments?post=267"}],"version-history":[{"count":12,"href":"https:\/\/fisioterapiaenlleida.com\/ca\/wp-json\/wp\/v2\/pages\/267\/revisions"}],"predecessor-version":[{"id":615,"href":"https:\/\/fisioterapiaenlleida.com\/ca\/wp-json\/wp\/v2\/pages\/267\/revisions\/615"}],"up":[{"embeddable":true,"href":"https:\/\/fisioterapiaenlleida.com\/ca\/wp-json\/wp\/v2\/pages\/54"}],"wp:featuredmedia":[{"embeddable":true,"href":"https:\/\/fisioterapiaenlleida.com\/ca\/wp-json\/wp\/v2\/media\/183"}],"wp:attachment":[{"href":"https:\/\/fisioterapiaenlleida.com\/ca\/wp-json\/wp\/v2\/media?parent=267"}],"curies":[{"name":"wp","href":"https:\/\/api.w.org\/{rel}","templated":true}]}}