{"id":271,"date":"2024-01-22T20:47:57","date_gmt":"2024-01-22T20:47:57","guid":{"rendered":"https:\/\/fisioterapiaenlleida.com\/?page_id=271"},"modified":"2024-02-07T10:34:27","modified_gmt":"2024-02-07T10:34:27","slug":"fisioterapiaoncologica","status":"publish","type":"page","link":"https:\/\/fisioterapiaenlleida.com\/ca\/servicios\/fisioterapiaoncologica\/","title":{"rendered":"Fisioter\u00e0pia  oncol\u00f2gica"},"content":{"rendered":"\t\t<div data-elementor-type=\"wp-page\" data-elementor-id=\"271\" class=\"elementor elementor-271\" data-elementor-post-type=\"page\">\n\t\t\t\t\t\t<section class=\"elementor-section elementor-top-section elementor-element elementor-element-31bfe789 elementor-section-full_width elementor-section-height-min-height elementor-section-height-default elementor-section-items-middle\" data-id=\"31bfe789\" data-element_type=\"section\" data-settings=\"{&quot;background_background&quot;:&quot;gradient&quot;}\">\n\t\t\t\t\t\t<div class=\"elementor-container elementor-column-gap-default\">\n\t\t\t\t\t<div class=\"elementor-column elementor-col-100 elementor-top-column elementor-element elementor-element-be3db5a elementor-invisible\" data-id=\"be3db5a\" data-element_type=\"column\" data-settings=\"{&quot;background_background&quot;:&quot;classic&quot;,&quot;animation&quot;:&quot;fadeInUp&quot;}\">\n\t\t\t<div class=\"elementor-widget-wrap elementor-element-populated\">\n\t\t\t\t\t\t<div class=\"elementor-element elementor-element-403429ce elementor-widget elementor-widget-heading\" data-id=\"403429ce\" data-element_type=\"widget\" data-widget_type=\"heading.default\">\n\t\t\t\t<div class=\"elementor-widget-container\">\n\t\t\t<style>\/*! elementor - v3.19.0 - 05-02-2024 *\/\n.elementor-heading-title{padding:0;margin:0;line-height:1}.elementor-widget-heading .elementor-heading-title[class*=elementor-size-]>a{color:inherit;font-size:inherit;line-height:inherit}.elementor-widget-heading .elementor-heading-title.elementor-size-small{font-size:15px}.elementor-widget-heading .elementor-heading-title.elementor-size-medium{font-size:19px}.elementor-widget-heading .elementor-heading-title.elementor-size-large{font-size:29px}.elementor-widget-heading .elementor-heading-title.elementor-size-xl{font-size:39px}.elementor-widget-heading .elementor-heading-title.elementor-size-xxl{font-size:59px}<\/style><h1 class=\"elementor-heading-title elementor-size-default\">Fisioterapia oncol\u00f3gica<\/h1>\t\t<\/div>\n\t\t\t\t<\/div>\n\t\t\t\t\t<\/div>\n\t\t<\/div>\n\t\t\t\t\t<\/div>\n\t\t<\/section>\n\t\t\t\t<section class=\"elementor-section elementor-top-section elementor-element elementor-element-67c14fd4 elementor-section-boxed elementor-section-height-default elementor-section-height-default\" data-id=\"67c14fd4\" data-element_type=\"section\">\n\t\t\t\t\t\t<div class=\"elementor-container elementor-column-gap-default\">\n\t\t\t\t\t<div class=\"elementor-column elementor-col-100 elementor-top-column elementor-element elementor-element-4e2c36bb\" data-id=\"4e2c36bb\" data-element_type=\"column\">\n\t\t\t<div class=\"elementor-widget-wrap elementor-element-populated\">\n\t\t\t\t\t\t<div class=\"elementor-element elementor-element-1a8692e5 elementor-widget elementor-widget-text-editor\" data-id=\"1a8692e5\" data-element_type=\"widget\" data-widget_type=\"text-editor.default\">\n\t\t\t\t<div class=\"elementor-widget-container\">\n\t\t\t<style>\/*! elementor - v3.19.0 - 05-02-2024 *\/\n.elementor-widget-text-editor.elementor-drop-cap-view-stacked .elementor-drop-cap{background-color:#69727d;color:#fff}.elementor-widget-text-editor.elementor-drop-cap-view-framed .elementor-drop-cap{color:#69727d;border:3px solid;background-color:transparent}.elementor-widget-text-editor:not(.elementor-drop-cap-view-default) .elementor-drop-cap{margin-top:8px}.elementor-widget-text-editor:not(.elementor-drop-cap-view-default) .elementor-drop-cap-letter{width:1em;height:1em}.elementor-widget-text-editor .elementor-drop-cap{float:left;text-align:center;line-height:1;font-size:50px}.elementor-widget-text-editor .elementor-drop-cap-letter{display:inline-block}<\/style>\t\t\t\t<h2 dir=\"ltr\" data-placeholder=\"Traducci\u00f3n\" data-ved=\"2ahUKEwifjueN4fCDAxUFV6QEHdY4AScQ3ewLegQIARAP\">Beneficios de la Fisioterapia oncol\u00f3gica<\/h2><p id=\"tw-target-text\" class=\"tw-data-text tw-text-large tw-ta\" dir=\"ltr\" data-placeholder=\"Traducci\u00f3n\" data-ved=\"2ahUKEwifjueN4fCDAxUFV6QEHdY4AScQ3ewLegQIARAP\"><span class=\"Y2IQFc\" lang=\"es\" style=\"color: #000000;\">Los beneficios de la fisioterapia oncol\u00f3gica se observan desde el momento en que se diagnostica un c\u00e1ncer hasta la etapa de supervivencia, ya que ayuda a prevenir, mejorar y recuperar la mayor\u00eda de las secuelas secundarias a los tratamientos oncol\u00f3gicos, como cirug\u00edas, quimioterapia , tratamientos diana, hormonoterapia y radioterapia. Los tratamientos de fisioterapia oncol\u00f3gica est\u00e1n dirigidos a todas las personas con cualquier tipo de cancer, abordando sus secuelas de forma personalizada y en funci\u00f3n de sus necesidades. La selecci\u00f3n del tratamiento que se aplica tendr\u00e1 en cuenta el tipo de c\u00e1ncer y los efectos de los tratamientos. Est\u00e1n dirigidos al cuidado y restablecimiento de la movilidad y elasticidad de los tejidos del cuerpo, a nivel \u00f3seo, articular, muscular y tratamiento de la piel, as\u00ed como los problemas de fatiga y dolor. El objetivo fundamental es mejorar la calidad de vida del paciente oncol\u00f3gico y que su estado f\u00edsico y emocional sea el m\u00e1s cercano a antes de sufrir la enfermedad.<\/span><\/p>\t\t\t\t\t\t<\/div>\n\t\t\t\t<\/div>\n\t\t\t\t\t<\/div>\n\t\t<\/div>\n\t\t\t\t\t<\/div>\n\t\t<\/section>\n\t\t\t\t<section class=\"elementor-section elementor-inner-section elementor-element elementor-element-aeca102 elementor-section-boxed elementor-section-height-default elementor-section-height-default\" data-id=\"aeca102\" data-element_type=\"section\">\n\t\t\t\t\t\t<div class=\"elementor-container elementor-column-gap-default\">\n\t\t\t\t\t<div class=\"elementor-column elementor-col-50 elementor-inner-column elementor-element elementor-element-b765d36\" data-id=\"b765d36\" data-element_type=\"column\">\n\t\t\t<div class=\"elementor-widget-wrap elementor-element-populated\">\n\t\t\t\t\t\t<div class=\"elementor-element elementor-element-51f9150c elementor-widget elementor-widget-image\" data-id=\"51f9150c\" data-element_type=\"widget\" data-widget_type=\"image.default\">\n\t\t\t\t<div class=\"elementor-widget-container\">\n\t\t\t<style>\/*! elementor - v3.19.0 - 05-02-2024 *\/\n.elementor-widget-image{text-align:center}.elementor-widget-image a{display:inline-block}.elementor-widget-image a img[src$=\".svg\"]{width:48px}.elementor-widget-image img{vertical-align:middle;display:inline-block}<\/style>\t\t\t\t\t\t\t\t\t\t<img fetchpriority=\"high\" decoding=\"async\" width=\"300\" height=\"222\" src=\"https:\/\/fisioterapiaenlleida.com\/wp-content\/uploads\/2024\/01\/fisioonco1.png\" class=\"attachment-full size-full wp-image-299\" alt=\"\" title=\"\">\t\t\t\t\t\t\t\t\t\t\t\t\t<\/div>\n\t\t\t\t<\/div>\n\t\t\t\t\t<\/div>\n\t\t<\/div>\n\t\t\t\t<div class=\"elementor-column elementor-col-50 elementor-inner-column elementor-element elementor-element-1d550751\" data-id=\"1d550751\" data-element_type=\"column\">\n\t\t\t<div class=\"elementor-widget-wrap elementor-element-populated\">\n\t\t\t\t\t\t<div class=\"elementor-element elementor-element-51e5ab3a elementor-widget elementor-widget-text-editor\" data-id=\"51e5ab3a\" data-element_type=\"widget\" data-widget_type=\"text-editor.default\">\n\t\t\t\t<div class=\"elementor-widget-container\">\n\t\t\t\t\t\t\t<h2><span style=\"color: #00318d;\"><strong>La fisioterapia oncol\u00f3gica puede ayudar en las siguientes \u00e1reas:<\/strong><\/span><\/h2><p><span style=\"color: #000000;\">\u2022 Prehabilitaci\u00f3n.<\/span><br \/><span style=\"color: #000000;\">\u2022 Tratamiento post quir\u00fargico de cualquier tipo de cancer, preparando la zona a intervenir y consiguiendo per\u00edodos postoperatorios m\u00e1s cortos<\/span><br \/><span style=\"color: #000000;\">\u2022 Prevenci\u00f3n y tratamiento de neuropat\u00edas en manos y pies<\/span><br \/><span style=\"color: #000000;\">\u2022 En el caso del tratamiento de las cicatrices, evitar las adherencias y recuperar la funcionalidad del tejido.<\/span><br \/><span style=\"color: #000000;\">\u2022 Prevenci\u00f3n y si aparece tratamiento de linfedemas de extremidades superiores e inferiores.<\/span><br \/><span style=\"color: #000000;\">\u2022 Tratamiento y movilizaci\u00f3n de pr\u00f3tesis adheridas, encapsuladas,..<\/span><br \/><span style=\"color: #000000;\">\u2022 Tratamiento de las alteraciones cardiorrespiratorias.<\/span><br \/><span style=\"color: #000000;\">\u2022 Reducci\u00f3n de la fatiga.<\/span><br \/><span style=\"color: #000000;\">\u2022 Mejora del dolor agudo o cr\u00f3nico.<\/span><br \/><span style=\"color: #000000;\">\u2022 D\u00e9ficit de movilidad y\/o equilibrio con d\u00e9ficit funcional.<\/span><br \/><span style=\"color: #000000;\">\u2022 Disfunciones vesis-esfinterianas (alteraciones en el sistema urinario).<\/span><br \/><span style=\"color: #000000;\">\u2022 Espasticidad.<\/span><br \/><span style=\"color: #000000;\">\u2022 Limitaci\u00f3n articular.<\/span><br \/><span style=\"color: #000000;\">\u2022 Contracturas.<\/span><\/p>\t\t\t\t\t\t<\/div>\n\t\t\t\t<\/div>\n\t\t\t\t\t<\/div>\n\t\t<\/div>\n\t\t\t\t\t<\/div>\n\t\t<\/section>\n\t\t\t\t<section class=\"elementor-section elementor-top-section elementor-element elementor-element-2c82e829 elementor-section-boxed elementor-section-height-default elementor-section-height-default\" data-id=\"2c82e829\" data-element_type=\"section\">\n\t\t\t\t\t\t<div class=\"elementor-container elementor-column-gap-default\">\n\t\t\t\t\t<div class=\"elementor-column elementor-col-50 elementor-top-column elementor-element elementor-element-425a1ba7\" data-id=\"425a1ba7\" data-element_type=\"column\">\n\t\t\t<div class=\"elementor-widget-wrap elementor-element-populated\">\n\t\t\t\t\t\t<div class=\"elementor-element elementor-element-18f461ef elementor-widget elementor-widget-text-editor\" data-id=\"18f461ef\" data-element_type=\"widget\" data-widget_type=\"text-editor.default\">\n\t\t\t\t<div class=\"elementor-widget-container\">\n\t\t\t\t\t\t\t<h2>En que \u00e1mbitos se puede trabajar:<\/h2><p><span style=\"color: #000000;\">\u2022\u00a0 Cancer de mama.<\/span><\/p><p><span style=\"color: #000000;\">\u2022\u00a0 Cancer de pulm\u00f3n.<\/span><\/p><p><span style=\"color: #000000;\">\u2022\u00a0 Cancer de pr\u00f3stata.<\/span><\/p><p><span style=\"color: #000000;\">\u2022\u00a0 Cancer ovarios i matriz.<\/span><\/p><p><span style=\"color: #000000;\">\u2022\u00a0 Cancer de cabeza i cuello.<\/span><\/p>\t\t\t\t\t\t<\/div>\n\t\t\t\t<\/div>\n\t\t\t\t\t<\/div>\n\t\t<\/div>\n\t\t\t\t<div class=\"elementor-column elementor-col-50 elementor-top-column elementor-element elementor-element-3e931385\" data-id=\"3e931385\" data-element_type=\"column\">\n\t\t\t<div class=\"elementor-widget-wrap elementor-element-populated\">\n\t\t\t\t\t\t<div class=\"elementor-element elementor-element-13621638 elementor-widget elementor-widget-text-editor\" data-id=\"13621638\" data-element_type=\"widget\" data-widget_type=\"text-editor.default\">\n\t\t\t\t<div class=\"elementor-widget-container\">\n\t\t\t\t\t\t\t<p style=\"text-align: center;\"><strong><span style=\"color: #00318d;\">El Centro de Fisioterapia CF tiene firmado un convenio con FeSalut ofreciendo condiciones especiales para sus usuarios, cont\u00e1ctanos o inf\u00f3rmate en tu asociaci\u00f3n para poder beneficiarte.<\/span><\/strong><\/p>\t\t\t\t\t\t<\/div>\n\t\t\t\t<\/div>\n\t\t\t\t<div class=\"elementor-element elementor-element-4d65671c elementor-widget elementor-widget-image\" data-id=\"4d65671c\" data-element_type=\"widget\" data-widget_type=\"image.default\">\n\t\t\t\t<div class=\"elementor-widget-container\">\n\t\t\t\t\t\t\t\t\t\t\t\t\t\t<a href=\"https:\/\/fesalut.com\/associacions\/\" target=\"_blank\" rel=\"nofollow noopener\">\n\t\t\t\t\t\t\t<img decoding=\"async\" width=\"180\" height=\"54\" src=\"https:\/\/fisioterapiaenlleida.com\/wp-content\/uploads\/2024\/01\/logofesalut.png\" class=\"attachment-large size-large wp-image-308\" alt=\"\" title=\"\">\t\t\t\t\t\t\t\t<\/a>\n\t\t\t\t\t\t\t\t\t\t\t\t\t<\/div>\n\t\t\t\t<\/div>\n\t\t\t\t<div class=\"elementor-element elementor-element-f3568bc elementor-widget elementor-widget-text-editor\" data-id=\"f3568bc\" data-element_type=\"widget\" data-widget_type=\"text-editor.default\">\n\t\t\t\t<div class=\"elementor-widget-container\">\n\t\t\t\t\t\t\t<p style=\"text-align: center;\"><strong><a href=\"https:\/\/fesalut.com\/associacions\/\" target=\"_blank\" rel=\"noopener nofollow\">Listado de entidades<\/a><\/strong><\/p>\t\t\t\t\t\t<\/div>\n\t\t\t\t<\/div>\n\t\t\t\t\t<\/div>\n\t\t<\/div>\n\t\t\t\t\t<\/div>\n\t\t<\/section>\n\t\t\t\t<section class=\"elementor-section elementor-top-section elementor-element elementor-element-4ad2e9ed elementor-section-boxed elementor-section-height-default elementor-section-height-default\" data-id=\"4ad2e9ed\" data-element_type=\"section\">\n\t\t\t\t\t\t<div class=\"elementor-container elementor-column-gap-default\">\n\t\t\t\t\t<div class=\"elementor-column elementor-col-33 elementor-top-column elementor-element elementor-element-25caa8af\" data-id=\"25caa8af\" data-element_type=\"column\">\n\t\t\t<div class=\"elementor-widget-wrap elementor-element-populated\">\n\t\t\t\t\t\t<div class=\"elementor-element elementor-element-32166e2d elementor-align-center elementor-widget elementor-widget-button\" data-id=\"32166e2d\" data-element_type=\"widget\" data-widget_type=\"button.default\">\n\t\t\t\t<div class=\"elementor-widget-container\">\n\t\t\t\t\t<div class=\"elementor-button-wrapper\">\n\t\t\t<a class=\"elementor-button elementor-button-link elementor-size-md\" href=\"https:\/\/fisioterapiaenlleida.com\/index.php\/servicios\/\">\n\t\t\t\t\t\t<span class=\"elementor-button-content-wrapper\">\n\t\t\t\t\t\t<span class=\"elementor-button-text\">Servicios     <\/span>\n\t\t<\/span>\n\t\t\t\t\t<\/a>\n\t\t<\/div>\n\t\t\t\t<\/div>\n\t\t\t\t<\/div>\n\t\t\t\t\t<\/div>\n\t\t<\/div>\n\t\t\t\t<div class=\"elementor-column elementor-col-33 elementor-top-column elementor-element elementor-element-7547d33c\" data-id=\"7547d33c\" data-element_type=\"column\">\n\t\t\t<div class=\"elementor-widget-wrap elementor-element-populated\">\n\t\t\t\t\t\t<div class=\"elementor-element elementor-element-4cf51e87 elementor-align-center elementor-widget elementor-widget-button\" data-id=\"4cf51e87\" data-element_type=\"widget\" data-widget_type=\"button.default\">\n\t\t\t\t<div class=\"elementor-widget-container\">\n\t\t\t\t\t<div class=\"elementor-button-wrapper\">\n\t\t\t<a class=\"elementor-button elementor-button-link elementor-size-md\" href=\"https:\/\/fisioterapiaenlleida.com\/index.php\/contactar\/\">\n\t\t\t\t\t\t<span class=\"elementor-button-content-wrapper\">\n\t\t\t\t\t\t<span class=\"elementor-button-text\">M\u00e1s Informaci\u00f3n<\/span>\n\t\t<\/span>\n\t\t\t\t\t<\/a>\n\t\t<\/div>\n\t\t\t\t<\/div>\n\t\t\t\t<\/div>\n\t\t\t\t\t<\/div>\n\t\t<\/div>\n\t\t\t\t<div class=\"elementor-column elementor-col-33 elementor-top-column elementor-element elementor-element-2b1734d0\" data-id=\"2b1734d0\" data-element_type=\"column\">\n\t\t\t<div class=\"elementor-widget-wrap elementor-element-populated\">\n\t\t\t\t\t\t<div class=\"elementor-element elementor-element-319f1d93 elementor-align-center elementor-widget elementor-widget-button\" data-id=\"319f1d93\" data-element_type=\"widget\" data-widget_type=\"button.default\">\n\t\t\t\t<div class=\"elementor-widget-container\">\n\t\t\t\t\t<div class=\"elementor-button-wrapper\">\n\t\t\t<a class=\"elementor-button elementor-button-link elementor-size-md\" href=\"https:\/\/fisioterapiaenlleida.com\/index.php\/tarifas\/\">\n\t\t\t\t\t\t<span class=\"elementor-button-content-wrapper\">\n\t\t\t\t\t\t<span class=\"elementor-button-text\">Tarifas y precios<\/span>\n\t\t<\/span>\n\t\t\t\t\t<\/a>\n\t\t<\/div>\n\t\t\t\t<\/div>\n\t\t\t\t<\/div>\n\t\t\t\t\t<\/div>\n\t\t<\/div>\n\t\t\t\t\t<\/div>\n\t\t<\/section>\n\t\t\t\t<\/div>\n\t\t","protected":false},"excerpt":{"rendered":"<p>El objetivo fundamental de la fisioterapia oncol\u00f3gica es mejorar la calidad de vida del paciente oncol\u00f3gico y que su estado f\u00edsico y emocional sea el m\u00e1s cercano a antes de sufrir la enfermedad.<\/p>","protected":false},"author":1,"featured_media":185,"parent":54,"menu_order":2,"comment_status":"closed","ping_status":"closed","template":"","meta":{"footnotes":""},"class_list":["post-271","page","type-page","status-publish","has-post-thumbnail","hentry"],"_links":{"self":[{"href":"https:\/\/fisioterapiaenlleida.com\/ca\/wp-json\/wp\/v2\/pages\/271","targetHints":{"allow":["GET"]}}],"collection":[{"href":"https:\/\/fisioterapiaenlleida.com\/ca\/wp-json\/wp\/v2\/pages"}],"about":[{"href":"https:\/\/fisioterapiaenlleida.com\/ca\/wp-json\/wp\/v2\/types\/page"}],"author":[{"embeddable":true,"href":"https:\/\/fisioterapiaenlleida.com\/ca\/wp-json\/wp\/v2\/users\/1"}],"replies":[{"embeddable":true,"href":"https:\/\/fisioterapiaenlleida.com\/ca\/wp-json\/wp\/v2\/comments?post=271"}],"version-history":[{"count":13,"href":"https:\/\/fisioterapiaenlleida.com\/ca\/wp-json\/wp\/v2\/pages\/271\/revisions"}],"predecessor-version":[{"id":463,"href":"https:\/\/fisioterapiaenlleida.com\/ca\/wp-json\/wp\/v2\/pages\/271\/revisions\/463"}],"up":[{"embeddable":true,"href":"https:\/\/fisioterapiaenlleida.com\/ca\/wp-json\/wp\/v2\/pages\/54"}],"wp:featuredmedia":[{"embeddable":true,"href":"https:\/\/fisioterapiaenlleida.com\/ca\/wp-json\/wp\/v2\/media\/185"}],"wp:attachment":[{"href":"https:\/\/fisioterapiaenlleida.com\/ca\/wp-json\/wp\/v2\/media?parent=271"}],"curies":[{"name":"wp","href":"https:\/\/api.w.org\/{rel}","templated":true}]}}