{"id":275,"date":"2024-01-22T20:49:14","date_gmt":"2024-01-22T20:49:14","guid":{"rendered":"https:\/\/fisioterapiaenlleida.com\/?page_id=275"},"modified":"2024-02-07T10:35:01","modified_gmt":"2024-02-07T10:35:01","slug":"osteopatia","status":"publish","type":"page","link":"https:\/\/fisioterapiaenlleida.com\/ca\/servicios\/osteopatia\/","title":{"rendered":"Osteopatia"},"content":{"rendered":"\t\t<div data-elementor-type=\"wp-page\" data-elementor-id=\"275\" class=\"elementor elementor-275\" data-elementor-post-type=\"page\">\n\t\t\t\t\t\t<section class=\"elementor-section elementor-top-section elementor-element elementor-element-31bfe789 elementor-section-full_width elementor-section-height-min-height elementor-section-height-default elementor-section-items-middle\" data-id=\"31bfe789\" data-element_type=\"section\" data-settings=\"{&quot;background_background&quot;:&quot;gradient&quot;}\">\n\t\t\t\t\t\t<div class=\"elementor-container elementor-column-gap-default\">\n\t\t\t\t\t<div class=\"elementor-column elementor-col-100 elementor-top-column elementor-element elementor-element-be3db5a elementor-invisible\" data-id=\"be3db5a\" data-element_type=\"column\" data-settings=\"{&quot;background_background&quot;:&quot;classic&quot;,&quot;animation&quot;:&quot;fadeInUp&quot;}\">\n\t\t\t<div class=\"elementor-widget-wrap elementor-element-populated\">\n\t\t\t\t\t\t<div class=\"elementor-element elementor-element-403429ce elementor-widget elementor-widget-heading\" data-id=\"403429ce\" data-element_type=\"widget\" data-widget_type=\"heading.default\">\n\t\t\t\t<div class=\"elementor-widget-container\">\n\t\t\t<style>\/*! elementor - v3.19.0 - 05-02-2024 *\/\n.elementor-heading-title{padding:0;margin:0;line-height:1}.elementor-widget-heading .elementor-heading-title[class*=elementor-size-]>a{color:inherit;font-size:inherit;line-height:inherit}.elementor-widget-heading .elementor-heading-title.elementor-size-small{font-size:15px}.elementor-widget-heading .elementor-heading-title.elementor-size-medium{font-size:19px}.elementor-widget-heading .elementor-heading-title.elementor-size-large{font-size:29px}.elementor-widget-heading .elementor-heading-title.elementor-size-xl{font-size:39px}.elementor-widget-heading .elementor-heading-title.elementor-size-xxl{font-size:59px}<\/style><h1 class=\"elementor-heading-title elementor-size-default\">Osteopatia<\/h1>\t\t<\/div>\n\t\t\t\t<\/div>\n\t\t\t\t\t<\/div>\n\t\t<\/div>\n\t\t\t\t\t<\/div>\n\t\t<\/section>\n\t\t\t\t<section class=\"elementor-section elementor-top-section elementor-element elementor-element-2d5834a6 elementor-section-boxed elementor-section-height-default elementor-section-height-default\" data-id=\"2d5834a6\" data-element_type=\"section\">\n\t\t\t\t\t\t<div class=\"elementor-container elementor-column-gap-default\">\n\t\t\t\t\t<div class=\"elementor-column elementor-col-100 elementor-top-column elementor-element elementor-element-2a758068\" data-id=\"2a758068\" data-element_type=\"column\">\n\t\t\t<div class=\"elementor-widget-wrap elementor-element-populated\">\n\t\t\t\t\t\t<div class=\"elementor-element elementor-element-434429ee elementor-widget elementor-widget-text-editor\" data-id=\"434429ee\" data-element_type=\"widget\" data-widget_type=\"text-editor.default\">\n\t\t\t\t<div class=\"elementor-widget-container\">\n\t\t\t<style>\/*! elementor - v3.19.0 - 05-02-2024 *\/\n.elementor-widget-text-editor.elementor-drop-cap-view-stacked .elementor-drop-cap{background-color:#69727d;color:#fff}.elementor-widget-text-editor.elementor-drop-cap-view-framed .elementor-drop-cap{color:#69727d;border:3px solid;background-color:transparent}.elementor-widget-text-editor:not(.elementor-drop-cap-view-default) .elementor-drop-cap{margin-top:8px}.elementor-widget-text-editor:not(.elementor-drop-cap-view-default) .elementor-drop-cap-letter{width:1em;height:1em}.elementor-widget-text-editor .elementor-drop-cap{float:left;text-align:center;line-height:1;font-size:50px}.elementor-widget-text-editor .elementor-drop-cap-letter{display:inline-block}<\/style>\t\t\t\t<h2><span style=\"color: #00318d;\">\u00bfQue es la osteopatia?<\/span><\/h2><p><span style=\"color: #000000;\">La osteopat\u00eda es una disciplina que presta especial atenci\u00f3n a la estructura y el equilibrio biomec\u00e1nico del cuerpo. En realidad, se trata de una especialidad cercana a la fisioterapia y de hecho comparten gran parte de base te\u00f3rica.<\/span><br \/><span style=\"color: #000000;\">Dicho esto, la osteopat\u00eda se diferencia en la forma de plantear los tratamientos, puesto que busca un enfoque m\u00e1s global y orientado a remediar los desequilibrios entre diferentes partes del cuerpo.<\/span><\/p><p><span style=\"color: #000000;\">En el Centro de Fisioterapia CF, consideramos que la osteopat\u00eda ofrece a nuestros terapeutas un entendimiento m\u00e1s profundo de las lesiones y les proporciona important\u00edsimas herramientas adicionales tanto a la hora de realizar diagn\u00f3sticos como de aplicar tratamientos.<\/span><\/p><p>\u00a0<\/p>\t\t\t\t\t\t<\/div>\n\t\t\t\t<\/div>\n\t\t\t\t<section class=\"elementor-section elementor-inner-section elementor-element elementor-element-3662ba81 elementor-section-boxed elementor-section-height-default elementor-section-height-default\" data-id=\"3662ba81\" data-element_type=\"section\">\n\t\t\t\t\t\t<div class=\"elementor-container elementor-column-gap-default\">\n\t\t\t\t\t<div class=\"elementor-column elementor-col-50 elementor-inner-column elementor-element elementor-element-1c0f724c\" data-id=\"1c0f724c\" data-element_type=\"column\">\n\t\t\t<div class=\"elementor-widget-wrap elementor-element-populated\">\n\t\t\t\t\t\t<div class=\"elementor-element elementor-element-1346141 elementor-widget elementor-widget-image\" data-id=\"1346141\" data-element_type=\"widget\" data-widget_type=\"image.default\">\n\t\t\t\t<div class=\"elementor-widget-container\">\n\t\t\t<style>\/*! elementor - v3.19.0 - 05-02-2024 *\/\n.elementor-widget-image{text-align:center}.elementor-widget-image a{display:inline-block}.elementor-widget-image a img[src$=\".svg\"]{width:48px}.elementor-widget-image img{vertical-align:middle;display:inline-block}<\/style>\t\t\t\t\t\t\t\t\t\t<img fetchpriority=\"high\" decoding=\"async\" width=\"300\" height=\"222\" src=\"https:\/\/fisioterapiaenlleida.com\/wp-content\/uploads\/2024\/01\/osteopatia.png\" class=\"attachment-full size-full wp-image-324\" alt=\"\" title=\"\">\t\t\t\t\t\t\t\t\t\t\t\t\t<\/div>\n\t\t\t\t<\/div>\n\t\t\t\t\t<\/div>\n\t\t<\/div>\n\t\t\t\t<div class=\"elementor-column elementor-col-50 elementor-inner-column elementor-element elementor-element-5274c4fc\" data-id=\"5274c4fc\" data-element_type=\"column\">\n\t\t\t<div class=\"elementor-widget-wrap elementor-element-populated\">\n\t\t\t\t\t\t<div class=\"elementor-element elementor-element-193635fd elementor-widget elementor-widget-text-editor\" data-id=\"193635fd\" data-element_type=\"widget\" data-widget_type=\"text-editor.default\">\n\t\t\t\t<div class=\"elementor-widget-container\">\n\t\t\t\t\t\t\t<h2><span style=\"color: #00318d;\">Beneficios de la osteopatia<\/span><\/h2><p><span style=\"color: #000000;\">La osteopat\u00eda permite eliminar las restricciones de movilidad de los distintos elementos del organismo. De esta forma, no s\u00f3lo elimina la sintomatolog\u00eda asociada (t\u00edpicamente dolor articular o muscular) sino que tambi\u00e9n previene lesiones compensatorias.<\/span><br \/><span style=\"color: #000000;\">Las t\u00e9cnicas osteop\u00e1ticas son particularmente \u00fatiles para tratar patolog\u00edas como:<\/span><br \/><span style=\"color: #000000;\">\u2022 Hernias discales<\/span><br \/><span style=\"color: #000000;\">\u2022 Tort\u00edcola<\/span><br \/><span style=\"color: #000000;\">\u2022 Silbatos en las orejas<\/span><br \/><span style=\"color: #000000;\">\u2022 Problemas digestivos<\/span><br \/><span style=\"color: #000000;\">Adem\u00e1s permite abordar otras enfermedades, que no tienen un f\u00e1cil tratamiento mediante la medicina convencional, como son:<\/span><br \/><span style=\"color: #000000;\">\u2022 Dolores de cabeza cr\u00f3nicos<\/span><br \/><span style=\"color: #000000;\">\u2022 Migra\u00f1as<\/span><br \/><span style=\"color: #000000;\">\u2022 V\u00e9rtigos<\/span><br \/><span style=\"color: #000000;\">\u2022 Bruxismo<\/span><br \/><span style=\"color: #000000;\">\u2022 C\u00f3licos del lactante<\/span><\/p>\t\t\t\t\t\t<\/div>\n\t\t\t\t<\/div>\n\t\t\t\t\t<\/div>\n\t\t<\/div>\n\t\t\t\t\t<\/div>\n\t\t<\/section>\n\t\t\t\t\t<\/div>\n\t\t<\/div>\n\t\t\t\t\t<\/div>\n\t\t<\/section>\n\t\t\t\t<section class=\"elementor-section elementor-top-section elementor-element elementor-element-4ad2e9ed elementor-section-boxed elementor-section-height-default elementor-section-height-default\" data-id=\"4ad2e9ed\" data-element_type=\"section\">\n\t\t\t\t\t\t<div class=\"elementor-container elementor-column-gap-default\">\n\t\t\t\t\t<div class=\"elementor-column elementor-col-33 elementor-top-column elementor-element elementor-element-25caa8af\" data-id=\"25caa8af\" data-element_type=\"column\">\n\t\t\t<div class=\"elementor-widget-wrap elementor-element-populated\">\n\t\t\t\t\t\t<div class=\"elementor-element elementor-element-32166e2d elementor-align-center elementor-widget elementor-widget-button\" data-id=\"32166e2d\" data-element_type=\"widget\" data-widget_type=\"button.default\">\n\t\t\t\t<div class=\"elementor-widget-container\">\n\t\t\t\t\t<div class=\"elementor-button-wrapper\">\n\t\t\t<a class=\"elementor-button elementor-button-link elementor-size-md\" href=\"https:\/\/fisioterapiaenlleida.com\/index.php\/servicios\/\">\n\t\t\t\t\t\t<span class=\"elementor-button-content-wrapper\">\n\t\t\t\t\t\t<span class=\"elementor-button-text\">Servicios     <\/span>\n\t\t<\/span>\n\t\t\t\t\t<\/a>\n\t\t<\/div>\n\t\t\t\t<\/div>\n\t\t\t\t<\/div>\n\t\t\t\t\t<\/div>\n\t\t<\/div>\n\t\t\t\t<div class=\"elementor-column elementor-col-33 elementor-top-column elementor-element elementor-element-7547d33c\" data-id=\"7547d33c\" data-element_type=\"column\">\n\t\t\t<div class=\"elementor-widget-wrap elementor-element-populated\">\n\t\t\t\t\t\t<div class=\"elementor-element elementor-element-4cf51e87 elementor-align-center elementor-widget elementor-widget-button\" data-id=\"4cf51e87\" data-element_type=\"widget\" data-widget_type=\"button.default\">\n\t\t\t\t<div class=\"elementor-widget-container\">\n\t\t\t\t\t<div class=\"elementor-button-wrapper\">\n\t\t\t<a class=\"elementor-button elementor-button-link elementor-size-md\" href=\"https:\/\/fisioterapiaenlleida.com\/index.php\/contactar\/\">\n\t\t\t\t\t\t<span class=\"elementor-button-content-wrapper\">\n\t\t\t\t\t\t<span class=\"elementor-button-text\">M\u00e1s Informaci\u00f3n<\/span>\n\t\t<\/span>\n\t\t\t\t\t<\/a>\n\t\t<\/div>\n\t\t\t\t<\/div>\n\t\t\t\t<\/div>\n\t\t\t\t\t<\/div>\n\t\t<\/div>\n\t\t\t\t<div class=\"elementor-column elementor-col-33 elementor-top-column elementor-element elementor-element-2b1734d0\" data-id=\"2b1734d0\" data-element_type=\"column\">\n\t\t\t<div class=\"elementor-widget-wrap elementor-element-populated\">\n\t\t\t\t\t\t<div class=\"elementor-element elementor-element-319f1d93 elementor-align-center elementor-widget elementor-widget-button\" data-id=\"319f1d93\" data-element_type=\"widget\" data-widget_type=\"button.default\">\n\t\t\t\t<div class=\"elementor-widget-container\">\n\t\t\t\t\t<div class=\"elementor-button-wrapper\">\n\t\t\t<a class=\"elementor-button elementor-button-link elementor-size-md\" href=\"https:\/\/fisioterapiaenlleida.com\/index.php\/tarifas\/\">\n\t\t\t\t\t\t<span class=\"elementor-button-content-wrapper\">\n\t\t\t\t\t\t<span class=\"elementor-button-text\">Tarifas y precios<\/span>\n\t\t<\/span>\n\t\t\t\t\t<\/a>\n\t\t<\/div>\n\t\t\t\t<\/div>\n\t\t\t\t<\/div>\n\t\t\t\t\t<\/div>\n\t\t<\/div>\n\t\t\t\t\t<\/div>\n\t\t<\/section>\n\t\t\t\t<\/div>\n\t\t","protected":false},"excerpt":{"rendered":"<p>Al Centre de Fisioter\u00e0pia CF, considerem que l\u2019osteopatia ofereix als nostres terapeutes una entesa m\u00e9s profunda de les lesions i els proporciona important\u00edssimes eines addicionals tant a l\u2019hora de fer diagn\u00f2stics com d\u2019aplicar tractaments.<\/p>","protected":false},"author":1,"featured_media":182,"parent":54,"menu_order":4,"comment_status":"closed","ping_status":"closed","template":"elementor_header_footer","meta":{"footnotes":""},"class_list":["post-275","page","type-page","status-publish","has-post-thumbnail","hentry"],"_links":{"self":[{"href":"https:\/\/fisioterapiaenlleida.com\/ca\/wp-json\/wp\/v2\/pages\/275","targetHints":{"allow":["GET"]}}],"collection":[{"href":"https:\/\/fisioterapiaenlleida.com\/ca\/wp-json\/wp\/v2\/pages"}],"about":[{"href":"https:\/\/fisioterapiaenlleida.com\/ca\/wp-json\/wp\/v2\/types\/page"}],"author":[{"embeddable":true,"href":"https:\/\/fisioterapiaenlleida.com\/ca\/wp-json\/wp\/v2\/users\/1"}],"replies":[{"embeddable":true,"href":"https:\/\/fisioterapiaenlleida.com\/ca\/wp-json\/wp\/v2\/comments?post=275"}],"version-history":[{"count":9,"href":"https:\/\/fisioterapiaenlleida.com\/ca\/wp-json\/wp\/v2\/pages\/275\/revisions"}],"predecessor-version":[{"id":480,"href":"https:\/\/fisioterapiaenlleida.com\/ca\/wp-json\/wp\/v2\/pages\/275\/revisions\/480"}],"up":[{"embeddable":true,"href":"https:\/\/fisioterapiaenlleida.com\/ca\/wp-json\/wp\/v2\/pages\/54"}],"wp:featuredmedia":[{"embeddable":true,"href":"https:\/\/fisioterapiaenlleida.com\/ca\/wp-json\/wp\/v2\/media\/182"}],"wp:attachment":[{"href":"https:\/\/fisioterapiaenlleida.com\/ca\/wp-json\/wp\/v2\/media?parent=275"}],"curies":[{"name":"wp","href":"https:\/\/api.w.org\/{rel}","templated":true}]}}