{"id":623,"date":"2024-02-06T09:52:17","date_gmt":"2024-02-06T09:52:17","guid":{"rendered":"https:\/\/fisioterapiaenlleida.com\/?page_id=623"},"modified":"2024-02-07T11:14:33","modified_gmt":"2024-02-07T11:14:33","slug":"aviso-legal","status":"publish","type":"page","link":"https:\/\/fisioterapiaenlleida.com\/ca\/aviso-legal\/","title":{"rendered":"Av\u00eds legal"},"content":{"rendered":"\t\t<div data-elementor-type=\"wp-page\" data-elementor-id=\"623\" class=\"elementor elementor-623\" data-elementor-post-type=\"page\">\n\t\t\t\t\t\t<section class=\"elementor-section elementor-top-section elementor-element elementor-element-573119e6 elementor-section-full_width elementor-section-height-min-height elementor-section-height-default elementor-section-items-middle\" data-id=\"573119e6\" data-element_type=\"section\" data-settings=\"{&quot;background_background&quot;:&quot;gradient&quot;}\">\n\t\t\t\t\t\t<div class=\"elementor-container elementor-column-gap-default\">\n\t\t\t\t\t<div class=\"elementor-column elementor-col-100 elementor-top-column elementor-element elementor-element-ec82191 elementor-invisible\" data-id=\"ec82191\" data-element_type=\"column\" data-settings=\"{&quot;background_background&quot;:&quot;classic&quot;,&quot;animation&quot;:&quot;fadeInUp&quot;}\">\n\t\t\t<div class=\"elementor-widget-wrap elementor-element-populated\">\n\t\t\t\t\t\t<div class=\"elementor-element elementor-element-2a3a7d81 elementor-widget elementor-widget-heading\" data-id=\"2a3a7d81\" data-element_type=\"widget\" data-widget_type=\"heading.default\">\n\t\t\t\t<div class=\"elementor-widget-container\">\n\t\t\t<style>\/*! elementor - v3.19.0 - 05-02-2024 *\/\n.elementor-heading-title{padding:0;margin:0;line-height:1}.elementor-widget-heading .elementor-heading-title[class*=elementor-size-]>a{color:inherit;font-size:inherit;line-height:inherit}.elementor-widget-heading .elementor-heading-title.elementor-size-small{font-size:15px}.elementor-widget-heading .elementor-heading-title.elementor-size-medium{font-size:19px}.elementor-widget-heading .elementor-heading-title.elementor-size-large{font-size:29px}.elementor-widget-heading .elementor-heading-title.elementor-size-xl{font-size:39px}.elementor-widget-heading .elementor-heading-title.elementor-size-xxl{font-size:59px}<\/style><h1 class=\"elementor-heading-title elementor-size-default\">Aviso legal<\/h1>\t\t<\/div>\n\t\t\t\t<\/div>\n\t\t\t\t\t<\/div>\n\t\t<\/div>\n\t\t\t\t\t<\/div>\n\t\t<\/section>\n\t\t<div class=\"elementor-element elementor-element-13bb996 e-flex e-con-boxed e-con e-parent\" data-id=\"13bb996\" data-element_type=\"container\" data-settings=\"{&quot;content_width&quot;:&quot;boxed&quot;}\" data-core-v316-plus=\"true\">\n\t\t\t\t\t<div class=\"e-con-inner\">\n\t\t\t\t<div class=\"elementor-element elementor-element-2f84bfa elementor-widget elementor-widget-text-editor\" data-id=\"2f84bfa\" data-element_type=\"widget\" data-widget_type=\"text-editor.default\">\n\t\t\t\t<div class=\"elementor-widget-container\">\n\t\t\t<style>\/*! elementor - v3.19.0 - 05-02-2024 *\/\n.elementor-widget-text-editor.elementor-drop-cap-view-stacked .elementor-drop-cap{background-color:#69727d;color:#fff}.elementor-widget-text-editor.elementor-drop-cap-view-framed .elementor-drop-cap{color:#69727d;border:3px solid;background-color:transparent}.elementor-widget-text-editor:not(.elementor-drop-cap-view-default) .elementor-drop-cap{margin-top:8px}.elementor-widget-text-editor:not(.elementor-drop-cap-view-default) .elementor-drop-cap-letter{width:1em;height:1em}.elementor-widget-text-editor .elementor-drop-cap{float:left;text-align:center;line-height:1;font-size:50px}.elementor-widget-text-editor .elementor-drop-cap-letter{display:inline-block}<\/style>\t\t\t\t<p><span style=\"color: #000000;\">Con el fin de dar cumplimiento al art\u00edculo 10 de la Ley 34\/2002, de Servicios de la Sociedad de la Informaci\u00f3n y de comercio electr\u00f3nico (LSSI-CE), informamos a los usuarios de nuestros datos identificativos y de contacto:<br \/><br \/><\/span><\/p><ul><li><span style=\"color: #000000;\"><span style=\"color: #00318d;\"><strong>Nombre o Denominaci\u00f3n social: <\/strong><\/span><strong>Cristina Fondevila Llevot<\/strong><\/span><\/li><li><span style=\"color: #000000;\"><strong><span style=\"color: #00318d;\"> Domicilio social:<\/span> C\/ <\/strong><strong>Ramon i Cajal 4 Altell 2 25003 Lleida<\/strong><\/span><\/li><li><span style=\"color: #000000;\"><strong><span style=\"color: #00318d;\"> Tel\u00e9fono:<\/span> <\/strong>630881567<\/span><\/li><li><span style=\"color: #000000;\"><strong><span style=\"color: #00318d;\"> E-Mail:<\/span> <\/strong>cristina.fondevila@gmail.com<\/span><\/li><\/ul><p>\u00a0<\/p><h3><span style=\"color: #00318d;\"><strong>1.- OBJETO<\/strong><\/span><\/h3><p><span style=\"color: #000000;\">Cristina Fondevila Llevot (en adelante, el prestador), como responsable del sitio web <span style=\"color: #00318d;\">fisioterapiaenlleida.com<\/span> pone a disposici\u00f3n de los usuarios el presente documento, el cual regula el uso del sitio web <span style=\"color: #00318d;\">fisioterapiaenlleida.com<\/span>, con el que pretendemos dar cumplimiento a las obligaciones que dispone la Ley 34\/2002, de Servicios de la Sociedad de la Informaci\u00f3n y comercio electr\u00f3nico, as\u00ed como informar a todos los usuarios respecto de cu\u00e1les son las condiciones de uso y navegaci\u00f3n de la p\u00e1gina web.<\/span><\/p><p><span style=\"color: #000000;\">A trav\u00e9s de este sitio web, Cristina Fondevila Llevot facilita a los usuarios el acceso y utilizaci\u00f3n de los diferentes servicios y contenidos puestos a su disposici\u00f3n mediante esta p\u00e1gina web.<\/span><\/p><p><span style=\"color: #000000;\">Toda persona que acceda a esta p\u00e1gina web ser\u00e1 considerado usuario (en adelante, el usuario), e implica la aceptaci\u00f3n total y sin reservas de todas y cada una de las disposiciones incluidas en este Aviso legal, as\u00ed como a cualesquiera otras disposiciones legales que puedan resultar de aplicaci\u00f3n.<\/span><\/p><p><span style=\"color: #000000;\">El usuario deber\u00e1 leer atentamente el presente aviso legal, recomend\u00e1ndose su lectura antes de visitar la p\u00e1gina web, y cada vez que acceda a la misma, con la finalidad de leer y entender las modificaciones que el prestador hubiese podido realizar. En este sentido, el prestador se reserva el derecho de modificar las presentes condiciones, sin que exista la obligaci\u00f3n de preavisar o poner en conocimiento de los usuarios las modificaciones efectuadas, siendo suficiente la publicaci\u00f3n de las mismas en esta p\u00e1gina web. Es responsabilidad del usuario acceder peri\u00f3dicamente a estas condiciones, pues resultar\u00e1n de aplicaci\u00f3n las m\u00e1s recientes, dej\u00e1ndose sin efecto las condiciones previas.<\/span><\/p><p>\u00a0<\/p><h3><span style=\"color: #00318d;\"><strong>2.- CONDICIONES DE ACCESO Y UTILIZACI\u00d3N DE LA P\u00c1GINA WEB<\/strong><\/span><\/h3><p><span style=\"color: #000000;\">Mediante el presente aviso legal se informa a los usuarios de las condiciones que rigen el acceso y uso de la p\u00e1gina web, teniendo las mismas la consideraci\u00f3n de condiciones generales de la contrataci\u00f3n.<\/span><\/p><p><span style=\"color: #00318d;\"><strong>2.1. Car\u00e1cter gratuito del acceso y uso de la web.<\/strong><\/span><\/p><p><span style=\"color: #000000;\">La prestaci\u00f3n de los servicios por parte de Cristina Fondevila Llevot en este sitio web tienen car\u00e1cter gratuito para todos los usuarios. No obstante, algunos de los servicios suministrados por el prestador a trav\u00e9s de esta p\u00e1gina web pueden estar sujetos al pago de un precio determinado. En este supuesto, siempre se informar\u00e1 al usuario del car\u00e1cter oneroso de determinados servicios, siendo necesaria su previa contrataci\u00f3n, y resultando de aplicaci\u00f3n las condiciones generales de venta que en su caso existieran en la p\u00e1gina web, as\u00ed como la normativa de consumo vigente en cada momento.<\/span><\/p><p><span style=\"color: #00318d;\"><strong>2.2. Registro de usuario.<\/strong><\/span><\/p><p><span style=\"color: #000000;\">Con car\u00e1cter general la prestaci\u00f3n de los servicios ofertados en esta p\u00e1gina web no exigen la previa suscripci\u00f3n o registro de los usuarios. Aun as\u00ed, es posible que el prestador condicione el uso de algunos servicios a la previa cumplimentaci\u00f3n del correspondiente registro de usuarios. Este registro se efectuar\u00e1 en la forma expresamente indicada en la propia secci\u00f3n del servicio. El tratamiento de datos personales del usuario que pueda tener lugar como consecuencia del registro o suscripci\u00f3n se regir\u00e1 por nuestra Pol\u00edtica de privacidad.<\/span><\/p><p><span style=\"color: #00318d;\"><strong>2.3. Veracidad de la informaci\u00f3n.<\/strong><\/span><\/p><p><span style=\"color: #000000;\">Toda la informaci\u00f3n que facilite el usuario a trav\u00e9s de esta p\u00e1gina web deber\u00e1 ser veraz. A estos efectos, el usuario garantiza la autenticidad de los datos comunicados a trav\u00e9s de los formularios de contacto habilitados. Ser\u00e1 responsabilidad del usuario mantener toda la informaci\u00f3n facilitada a Cristina Fondevila Llevot permanentemente actualizada de forma que responda, en cada momento, a su situaci\u00f3n real. En todo caso, el usuario ser\u00e1 el \u00fanico responsable de las manifestaciones falsas o inexactas que realice y de los perjuicios que pueda causar al prestador o a terceros.<\/span><\/p><p><span style=\"color: #00318d;\"><strong>2.4. Menores de edad.<\/strong><\/span><\/p><p><span style=\"color: #000000;\">Cristina Fondevila Llevot \u00a0recomienda el uso de esta p\u00e1gina web a mayores de 18 a\u00f1os. Para el uso de los servicios de esta p\u00e1gina web, los menores de edad deber\u00e1n obtener siempre previamente el consentimiento de los padres, tutores o representantes legales, responsables \u00faltimos de todos los actos realizados por los menores a su cargo. La responsabilidad en la determinaci\u00f3n de contenidos concretos a los cuales accedan los menores corresponde a aquellos, es por ello que, si acceden a contenidos no apropiados por Internet, se tendr\u00e1n que configurar en sus ordenadores o dispositivos m\u00f3viles mecanismos (filtros, bloqueos, etc.), que permitan limitar los contenidos disponibles.<\/span><\/p><p><span style=\"color: #00318d;\"><strong>2.5. Obligaciones de los usuarios.<\/strong><\/span><\/p><p><span style=\"color: #000000;\">El usuario se compromete a utilizar esta p\u00e1gina web de conformidad con las presentes Condiciones, la Ley, la moral y las buenas costumbres. A tal efecto, el usuario se abstendr\u00e1 de utilizar este sitio web con finalidades il\u00edcitas o prohibidas, lesivas de derechos e intereses del prestador, otros usuarios y terceros, o que de cualquier forma puedan da\u00f1ar, inutilizar, sobrecargar, deteriorar o impedir la normal utilizaci\u00f3n de equipos inform\u00e1ticos o documentos, archivos y toda clase de contenidos almacenados en cualquier equipo inform\u00e1tico del prestador o terceros.<\/span><\/p><p><span style=\"color: #000000;\">En particular, y a t\u00edtulo indicativo, pero no exhaustivo, el usuario se compromete a no transmitir, difundir o poner a disposici\u00f3n de terceras informaciones, datos, contenidos, mensajes, gr\u00e1ficos, dibujos, archivos de sonido o imagen, fotograf\u00edas, grabaciones, software y, en general, cualquier clase de material que:<\/span><\/p><ul><li><span style=\"color: #000000;\">Sea contrario, desprecie o atente contra los derechos fundamentales y libertades p\u00fablicas reconocidas constitucionalmente, en tratados internacionales y otras normas vigentes.<\/span><\/li><li><span style=\"color: #000000;\">Induzca, incite o promueva actuaciones delictivas, denigrantes, difamatorias, violentas o, en general, contrarias a las leyes, la moral y el orden p\u00fablico.<\/span><\/li><li><span style=\"color: #000000;\">Induzca, incite o promueva actuaciones, actitudes o pensamientos discriminatorios por raz\u00f3n de sexo, raza, religi\u00f3n, creencias, edad, orientaci\u00f3n sexual o condici\u00f3n, entre otros.<\/span><\/li><li><span style=\"color: #000000;\">Sea contrario al derecho al honor, a la intimidad personal o familiar o a la propia imagen de las personas.<\/span><\/li><li><span style=\"color: #000000;\">De cualquier manera que perjudique la credibilidad del prestador o de terceros.<\/span><\/li><li><span style=\"color: #000000;\">Que constituya publicidad il\u00edcita, enga\u00f1osa o desleal.<\/span><\/li><\/ul><p>\u00a0<\/p><h3><span style=\"color: #00318d;\"><strong>3.- EXCLUSI\u00d3N DE GARANT\u00cdAS Y RESPONSABILIDAD<\/strong><\/span><\/h3><p><span style=\"color: #000000;\">El contenido del presente sitio web es de car\u00e1cter general y tiene una finalidad meramente informativa, sin que se garantice plenamente el acceso a todos los contenidos, ni su exhaustividad, correcci\u00f3n, vigencia o actualidad\u00a1; ni su idoneidad o utilidad para un objetivo espec\u00edfico.<\/span><\/p><p><span style=\"color: #000000;\">El prestador se exime de cualquier tipo de responsabilidad derivada de la informaci\u00f3n publicada en nuestra p\u00e1gina web, siempre que dicha informaci\u00f3n haya sido manipulada o introducida por un tercero ajeno.<\/span><\/p><p><span style=\"color: #000000;\">Este sitio web ha sido revisado y probado para que funcione correctamente. Sin embargo, el prestador no descarta la posibilidad de que existan determinados errores de programaci\u00f3n, o que sucedan causas de fuerza mayor, cat\u00e1strofes naturales, huelgas, o circunstancias similares que hagan imposible de forma temporal el acceso a la p\u00e1gina web.<\/span><\/p><p><span style=\"color: #000000;\">El prestador excluye, hasta donde permite el ordenamiento jur\u00eddico, cualquier responsabilidad por los da\u00f1os y perjuicios de toda naturaleza derivados de:<\/span><\/p><ol><li><span style=\"color: #000000;\">\u00a0 a) La imposibilidad de acceso al sitio web o la falta de veracidad, exactitud, exhaustividad y\/o actualidad de los contenidos, as\u00ed como la existencia de vicios y defectos de toda clase de los contenidos transmitidos, difundidos, almacenados, puestos a disposici\u00f3n a los que se haya accedido a trav\u00e9s del sitio web o de los servicios que se ofrecen.<\/span><\/li><li><span style=\"color: #000000;\">\u00a0 b) La presencia de virus o de otros elementos en los contenidos que puedan producir alteraciones en los sistemas inform\u00e1ticos, documentos electr\u00f3nicos o datos de los usuarios.<\/span><\/li><li><span style=\"color: #000000;\">\u00a0 c) El incumplimiento de las leyes, la buena fe, el orden p\u00fablico, los usos del tr\u00e1fico y el presente Aviso legal, como consecuencia del uso incorrecto del sitio web. En particular, y a modo de ejemplo, el prestador no se hace responsable de las actuaciones de terceros que vulneren derechos de propiedad intelectual e industrial, secretos empresariales, derechos al honor, a la intimidad personal y familiar y a la propia imagen, as\u00ed como la normativa en materia de competencia desleal y publicidad il\u00edcita.<\/span><\/li><\/ol><p><span style=\"color: #000000;\">El prestador no garantiza la disponibilidad continua y permanente de los servicios, quedando de este modo exonerado de cualquier responsabilidad por posibles da\u00f1os y perjuicios causados como consecuencia de la falta de disponibilidad del servicio por motivos de fuerza mayor o errores en las redes telem\u00e1ticas de transferencia de datos ajenos a su voluntad, o por desconexiones realizadas por trabajos de mejora o mantenimiento de los equipos y sistemas inform\u00e1ticos. El prestador no ser\u00e1 responsable por la interrupci\u00f3n, suspensi\u00f3n o finalizaci\u00f3n de la informaci\u00f3n o servicios. Asimismo, no se responsabiliza de las posibles omisiones, p\u00e9rdidas de informaci\u00f3n, datos, configuraciones, accesos indebidos o vulneraci\u00f3n de la confidencialidad que tengan origen en problemas t\u00e9cnicos, de comunicaciones u omisiones humanas, causadas por terceros o no imputables al prestador. Tampoco responder\u00e1 de los da\u00f1os producidos por ataques inform\u00e1ticos o causados por virus que afecten a programas inform\u00e1ticos, sistemas de comunicaciones o equipos utilizados por prestador, pero fabricados o facilitados por un tercero. El prestador podr\u00e1, a su sola discreci\u00f3n, denegar, retirar, suspender y\/o bloquear en cualquier momento, y sin necesidad de previo aviso, el acceso a la informaci\u00f3n y servicios a aquellos usuarios que incumplan las presentes condiciones.<\/span><\/p><p><span style=\"color: #000000;\">El prestador No se hace responsable bajo ning\u00fan concepto de los da\u00f1os que puedan dimanar del uso ilegal o indebido de la presente p\u00e1gina web.<\/span><\/p><p><span style=\"color: #000000;\">En todo caso, el prestador excluye cualquier responsabilidad por los da\u00f1os y perjuicios que puedan deberse a la informaci\u00f3n y\/o servicios prestados o suministrados por terceros, diferentes de los ofrecidos por el prestador. Toda responsabilidad recaer\u00e1 sobre el tercero, ya sea este proveedor, colaborador u otro.<\/span><\/p><h3>\u00a0<\/h3><h3><span style=\"color: #00318d;\"><strong>4.- ENLACES (LINKS)<\/strong><\/span><\/h3><p><span style=\"color: #000000;\">Es posible que este sitio web incluya enlaces o hiperv\u00ednculos que permita a los usuarios ser redirigidos a contenidos de p\u00e1ginas web y sitios de Internet pertenecientes a terceros ajenos al prestador. Debido a que desde nuestra p\u00e1gina web no podemos controlar siempre los contenidos introducidos por los terceros, Cristina Fondevila Llevot \u00a0no asume ning\u00fan tipo de responsabilidad respecto a dichos contenidos. En todo caso, el prestador manifiesta que proceder\u00e1 a la retirada inmediata de cualquier contenido que pudiera contravenir la legislaci\u00f3n nacional y\/o internacional, la moral o el orden p\u00fablico, procediendo a la retirada inmediata del link o enlace a webs de terceros, y poniendo en conocimiento de las autoridades competentes el contenido en cuesti\u00f3n.<\/span><\/p><p><span style=\"color: #000000;\">El prestador no se responsabiliza de la informaci\u00f3n y contenidos almacenados, a t\u00edtulo enunciativo, pero no limitativo, en foros, chats, generadores de blogs, comentarios, redes sociales o cualquier otro medio que permita a terceros publicar contenidos de forma independiente en la p\u00e1gina web del prestador. Sin embargo, y en cumplimiento de los que dispone los art\u00edculos 11 y 16 LSSI-CE, el prestador se pone a disposici\u00f3n de los usuarios, autoridades y fuerzas de seguridad, y colaborando de forma activa en la retirada o, cuando sea necesario, el bloqueo de todos aquellos contenidos que puedan afectar o contravenir la legislaci\u00f3n nacional, o internacional, derechos de terceros, o la moral y el orden p\u00fablico. En caso de que el usuario considere que pueda existir alg\u00fan contenido que pudiera ser susceptible de esta clasificaci\u00f3n, se ruega lo notifique a la mayor brevedad posible al administrador del sitio web.<\/span><\/p><p>\u00a0<\/p><h3><span style=\"color: #00318d;\"><strong>5.- PROPIEDAD INTELECTUAL<\/strong><\/span><\/h3><p><span style=\"color: #000000;\">Este sitio web, incluyendo a t\u00edtulo enunciativo, pero no limitativo, la programaci\u00f3n, edici\u00f3n, compilaci\u00f3n y otros elementos necesarios para su funcionamiento; los dise\u00f1os, logotipos, textos, fotograf\u00edas y\/o elementos gr\u00e1ficos y sonoros, son propiedad del prestador o, en su defecto, dispone de las licencias y\/o autorizaciones concedidas por sus autores para su uso leg\u00edtimo. Todos los contenidos del sitio web se encuentran debidamente protegidos por la normativa sobre propiedad intelectual e industrial aplicable.<\/span><\/p><p><span style=\"color: #000000;\">Independientemente de la finalidad por la que fueran destinados, la reproducci\u00f3n total o parcial, uso, distribuci\u00f3n y comunicaci\u00f3n p\u00fablica requieren de la autorizaci\u00f3n escrita previa por parte del prestador. Cualquier uso no autorizado previamente por parte del prestador ser\u00e1 considerado un incumplimiento grave de los derechos de propiedad intelectual e industrial de su leg\u00edtimo propietario.<\/span><\/p><p><span style=\"color: #000000;\">Los dise\u00f1os, logotipos, textos, gr\u00e1ficos, entre otros, ajenos al prestador y que puedan aparecer en este sitio web, pertenecen a sus respectivos propietarios, siendo ellos mismos los responsables de cualquier posible controversia que pudiera acontecer respecto de los mismos. En todo caso, el prestador cuenta con la autorizaci\u00f3n expresa y previa por parte de los mismos para su utilizaci\u00f3n en esta p\u00e1gina web.<\/span><\/p><p><span style=\"color: #000000;\">El prestador reconoce a favor de sus titulares los correspondientes derechos de propiedad industrial e intelectual, no implicando su menci\u00f3n o aparici\u00f3n en el sitio web, de la existencia de derechos o ninguna responsabilidad del prestador sobre los mismos, como tampoco respaldo, patrocinio o recomendaci\u00f3n por parte de este.<\/span><\/p><h3>\u00a0<\/h3><h3><span style=\"color: #00318d;\"><strong>6.- REDES SOCIALES<\/strong><\/span><\/h3><p><span style=\"color: #000000;\">Le informamos que fisioterapiaenlleida.com puede estar presente en diversas redes sociales. El tratamiento de los datos que los usuarios incluyan en las mismas -siendo seguidores de los perfiles de fisioterapiaenlleida.com, o realizando cualquier v\u00ednculo o acci\u00f3n de conexi\u00f3n a trav\u00e9s de estas- se regir\u00e1 por el presente apartado de este Aviso legal. Cuando el usuario se encuentre en el perfil de fisioterapiaenlleida.com en las diversas redes sociales en las que tenga presencia, le resultar\u00e1n de aplicaci\u00f3n las condiciones de uso y las pol\u00edticas de privacidad de las distintas redes sociales. Cristina Fondevila Llevot no se har\u00e1 responsable de los comentarios que otros usuarios de las redes sociales puedan publicar en el perfil de la empresa, todo ello sin perjuicio de las posibles acciones que Cristina Fondevila Llevot pueda ejercer frente a los titulares de las redes sociales (por ejemplo, solicitud de eliminaci\u00f3n de comentarios inapropiados, ofensivos, o lesivos de derechos de otros usuarios).<\/span><\/p><p><span style=\"color: #000000;\">Cristina Fondevila Llevot tendr\u00e1 acceso a los datos personales que el usuario haya publicado en sus perfiles de las redes sociales, del mismo modo que otros usuarios de las redes sociales puedan tener acceso.<\/span><\/p><p><span style=\"color: #000000;\">Queda prohibida la publicaci\u00f3n del siguiente contenido en el perfil de <span style=\"color: #00318d;\">fisioterapiaenlleida.com<\/span> en redes sociales, todo ello sin perjuicio de las normas de conducta y condiciones de uso del servicio impuestas por los titulares de las distintas redes sociales:<\/span><\/p><ul><li><span style=\"color: #000000;\">Publicaciones que incumplan la normativa nacional, comunitaria e internacional aplicable, o que supongan la realizaci\u00f3n de actividades il\u00edcitas o que contravengan los principios de la buena fe.<\/span><\/li><li><span style=\"color: #000000;\">Publicaciones que atenten contra los derechos fundamentales y libertades p\u00fablicas de las personas, falten a la cortes\u00eda en la red, al respeto o al buen nombre.<\/span><\/li><\/ul><p><span style=\"color: #000000;\">Asimismo, Cristina Fondevila Llevot se reserva la potestad de retirar de la p\u00e1gina web, o de las redes sociales, aquellos contenidos que se consideren inapropiados.<\/span><\/p><p>\u00a0<\/p><h3><span style=\"color: #00318d;\"><strong>7.- PROTECCI\u00d3N DE DATOS<\/strong><\/span><\/h3><p><span style=\"color: #000000;\">Es posible que el prestador obtenga datos personales de los usuarios a trav\u00e9s de formularios de contacto, formularios de registro u otros medios similares. El usuario podr\u00e1 obtener m\u00e1s informaci\u00f3n sobre el tratamiento de sus datos personales en nuestra Pol\u00edtica de privacidad, o dirigi\u00e9ndose al prestador a trav\u00e9s de los datos de contacto contenidos en el presente Aviso legal, y a trav\u00e9s de los formularios de contacto que, en su caso, hayan sido habilitados al efecto.<\/span><\/p><h3>\u00a0<\/h3><h3><span style=\"color: #00318d;\"><strong>8.- COOKIES<\/strong><\/span><\/h3><p><span style=\"color: #000000;\">Este sitio web utiliza cookies propias y de terceros. Para conocer m\u00e1s informaci\u00f3n sobre qu\u00e9 son las cookies y para qu\u00e9 las utilizamos, puedes acceder a nuestra Pol\u00edtica de cookies.<\/span><\/p><p>\u00a0<\/p><h3><span style=\"color: #00318d;\"><strong>9.- NULIDAD PARCIAL.<\/strong><\/span><\/h3><p><span style=\"color: #000000;\">Si alguna de las condiciones del presente Aviso legal fuera declarada nula o ineficaz por resoluci\u00f3n firme dictada por autoridad competente, los restantes t\u00e9rminos y condiciones permanecer\u00e1n en vigor, sin que queden afectados por dicha declaraci\u00f3n de nulidad.<\/span><\/p><p>\u00a0<\/p><h3><span style=\"color: #00318d;\"><strong>10.- LEY APLICABLE Y JURISDICCI\u00d3N<\/strong><\/span><\/h3><p><span style=\"color: #000000;\">Para la resoluci\u00f3n de las controversias o cuestiones relacionadas con las presentes condiciones, resultar\u00e1 de aplicaci\u00f3n la legislaci\u00f3n espa\u00f1ola, siendo competente para el conocimiento de los conflictos que pudieran surgir en la interpretaci\u00f3n y aplicaci\u00f3n de las presentes condiciones los Juzgados y Tribunales del domicilio del prestador.<\/span><\/p>\t\t\t\t\t\t<\/div>\n\t\t\t\t<\/div>\n\t\t\t\t\t<\/div>\n\t\t\t\t<\/div>\n\t\t\t\t<\/div>\n\t\t","protected":false},"excerpt":{"rendered":"<p>Aviso legal de la p\u00e1gina web fisioterapiaenlleida.c<\/p>","protected":false},"author":1,"featured_media":0,"parent":0,"menu_order":6,"comment_status":"closed","ping_status":"closed","template":"elementor_header_footer","meta":{"footnotes":""},"class_list":["post-623","page","type-page","status-publish","hentry"],"_links":{"self":[{"href":"https:\/\/fisioterapiaenlleida.com\/ca\/wp-json\/wp\/v2\/pages\/623","targetHints":{"allow":["GET"]}}],"collection":[{"href":"https:\/\/fisioterapiaenlleida.com\/ca\/wp-json\/wp\/v2\/pages"}],"about":[{"href":"https:\/\/fisioterapiaenlleida.com\/ca\/wp-json\/wp\/v2\/types\/page"}],"author":[{"embeddable":true,"href":"https:\/\/fisioterapiaenlleida.com\/ca\/wp-json\/wp\/v2\/users\/1"}],"replies":[{"embeddable":true,"href":"https:\/\/fisioterapiaenlleida.com\/ca\/wp-json\/wp\/v2\/comments?post=623"}],"version-history":[{"count":6,"href":"https:\/\/fisioterapiaenlleida.com\/ca\/wp-json\/wp\/v2\/pages\/623\/revisions"}],"predecessor-version":[{"id":629,"href":"https:\/\/fisioterapiaenlleida.com\/ca\/wp-json\/wp\/v2\/pages\/623\/revisions\/629"}],"wp:attachment":[{"href":"https:\/\/fisioterapiaenlleida.com\/ca\/wp-json\/wp\/v2\/media?parent=623"}],"curies":[{"name":"wp","href":"https:\/\/api.w.org\/{rel}","templated":true}]}}