{"id":638,"date":"2024-02-06T11:00:38","date_gmt":"2024-02-06T11:00:38","guid":{"rendered":"https:\/\/fisioterapiaenlleida.com\/?page_id=638"},"modified":"2024-02-07T11:15:20","modified_gmt":"2024-02-07T11:15:20","slug":"politica-de-privacidad","status":"publish","type":"page","link":"https:\/\/fisioterapiaenlleida.com\/ca\/politica-de-privacidad\/","title":{"rendered":"Pol\u00edtica de privacitat"},"content":{"rendered":"\t\t<div data-elementor-type=\"wp-page\" data-elementor-id=\"638\" class=\"elementor elementor-638\" data-elementor-post-type=\"page\">\n\t\t\t\t\t\t<section class=\"elementor-section elementor-top-section elementor-element elementor-element-70b89cc0 elementor-section-full_width elementor-section-height-min-height elementor-section-height-default elementor-section-items-middle\" data-id=\"70b89cc0\" data-element_type=\"section\" data-settings=\"{&quot;background_background&quot;:&quot;gradient&quot;}\">\n\t\t\t\t\t\t<div class=\"elementor-container elementor-column-gap-default\">\n\t\t\t\t\t<div class=\"elementor-column elementor-col-100 elementor-top-column elementor-element elementor-element-4efe442a elementor-invisible\" data-id=\"4efe442a\" data-element_type=\"column\" data-settings=\"{&quot;background_background&quot;:&quot;classic&quot;,&quot;animation&quot;:&quot;fadeInUp&quot;}\">\n\t\t\t<div class=\"elementor-widget-wrap elementor-element-populated\">\n\t\t\t\t\t\t<div class=\"elementor-element elementor-element-21374bbd elementor-widget elementor-widget-heading\" data-id=\"21374bbd\" data-element_type=\"widget\" data-widget_type=\"heading.default\">\n\t\t\t\t<div class=\"elementor-widget-container\">\n\t\t\t<style>\/*! elementor - v3.19.0 - 05-02-2024 *\/\n.elementor-heading-title{padding:0;margin:0;line-height:1}.elementor-widget-heading .elementor-heading-title[class*=elementor-size-]>a{color:inherit;font-size:inherit;line-height:inherit}.elementor-widget-heading .elementor-heading-title.elementor-size-small{font-size:15px}.elementor-widget-heading .elementor-heading-title.elementor-size-medium{font-size:19px}.elementor-widget-heading .elementor-heading-title.elementor-size-large{font-size:29px}.elementor-widget-heading .elementor-heading-title.elementor-size-xl{font-size:39px}.elementor-widget-heading .elementor-heading-title.elementor-size-xxl{font-size:59px}<\/style><h1 class=\"elementor-heading-title elementor-size-default\">Pol\u00edtica de privacidad<\/h1>\t\t<\/div>\n\t\t\t\t<\/div>\n\t\t\t\t\t<\/div>\n\t\t<\/div>\n\t\t\t\t\t<\/div>\n\t\t<\/section>\n\t\t<div class=\"elementor-element elementor-element-4095135 e-flex e-con-boxed e-con e-parent\" data-id=\"4095135\" data-element_type=\"container\" data-settings=\"{&quot;content_width&quot;:&quot;boxed&quot;}\" data-core-v316-plus=\"true\">\n\t\t\t\t\t<div class=\"e-con-inner\">\n\t\t\t\t<div class=\"elementor-element elementor-element-395b8c8 elementor-widget elementor-widget-text-editor\" data-id=\"395b8c8\" data-element_type=\"widget\" data-widget_type=\"text-editor.default\">\n\t\t\t\t<div class=\"elementor-widget-container\">\n\t\t\t<style>\/*! elementor - v3.19.0 - 05-02-2024 *\/\n.elementor-widget-text-editor.elementor-drop-cap-view-stacked .elementor-drop-cap{background-color:#69727d;color:#fff}.elementor-widget-text-editor.elementor-drop-cap-view-framed .elementor-drop-cap{color:#69727d;border:3px solid;background-color:transparent}.elementor-widget-text-editor:not(.elementor-drop-cap-view-default) .elementor-drop-cap{margin-top:8px}.elementor-widget-text-editor:not(.elementor-drop-cap-view-default) .elementor-drop-cap-letter{width:1em;height:1em}.elementor-widget-text-editor .elementor-drop-cap{float:left;text-align:center;line-height:1;font-size:50px}.elementor-widget-text-editor .elementor-drop-cap-letter{display:inline-block}<\/style>\t\t\t\t<h2 style=\"text-align: center;\"><span style=\"color: #00318d;\"><strong>Identidad del responsable del tratamiento de sus datos personales<\/strong><\/span><\/h2><p>\u00a0<\/p><ul><li><span style=\"color: #000000;\"><strong><span style=\"color: #00318d;\"> Responsable del tratamiento:<\/span>\u00a0Cristina Fondevila Llevot<\/strong><\/span><\/li><li><span style=\"color: #000000;\"><strong><span style=\"color: #00318d;\"> Domicilio:<\/span> C\/ Ramon i Cajal 4 Altell 2 25003 Lleida<\/strong><\/span><\/li><li><span style=\"color: #000000;\"><strong><span style=\"color: #00318d;\"> Correo electr\u00f3nico:<\/span> <\/strong>cristina.fondevila@gmail.com<\/span><\/li><\/ul><h3 style=\"text-align: center;\">\u00a0<\/h3><h3 style=\"text-align: center;\"><span style=\"color: #00318d;\"><strong>FINALIDADES DEL TRATAMIENTO DE SUS DATOS PERSONALES<\/strong><\/span><\/h3><p><span style=\"color: #000000;\">Sus datos personales se utilizar\u00e1n con la finalidad gen\u00e9rica de gesti\u00f3n y control de la relaci\u00f3n comercial establecida entre el usuario y el responsable del tratamiento, y espec\u00edficamente para:<\/span><\/p><ul><li><span style=\"color: #000000;\">Gestionar el acceso completo y la utilizaci\u00f3n correcta de los servicios y\/o productos por parte de los usuarios.<\/span><\/li><\/ul><ul><li><span style=\"color: #000000;\">Para comunicarse con los usuarios en respuesta a incidencias, solicitudes, comentarios y preguntas que nos realice a trav\u00e9s de los servicios y\/o productos, as\u00ed como a los formularios de contacto de nuestra p\u00e1gina web (incluidos correos electr\u00f3nicos y\/o las llamadas telef\u00f3nicas).<\/span><\/li><li><span style=\"color: #000000;\">Para proporcionar, actualizar, mantener y proteger los servicios y\/o productos y actividades.<\/span><\/li><li><span style=\"color: #000000;\">Para ofrecer nuevos servicios y\/o productos, ofertas especiales o actualizaciones.<\/span><\/li><li><span style=\"color: #000000;\">En su caso, gestionar procesos de selecci\u00f3n de personal en procesos selectivos de trabajadores y\/o colaboradores.<\/span><\/li><li><span style=\"color: #000000;\">Comunicaciones: Podremos enviarle correos electr\u00f3nicos, mensajes y otros tipos de comunicaci\u00f3n en referencia a los servicios y\/o productos, cuestiones t\u00e9cnicas y cambios en los mismos. Estas comunicaciones se consideran parte de los servicios y\/o productos y no puede renunciar a ellas.<\/span><\/li><li><span style=\"color: #000000;\">En su caso, comunicaciones comerciales (marketing): Podremos utilizar sus datos personales para contactarle, tanto por v\u00eda electr\u00f3nica como no electr\u00f3nica, para realizar encuestas, obtener su opini\u00f3n sobre el servicio prestado, y, ocasionalmente, para notificarle cambios, desarrollos importantes de los servicios y\/o productos, ofertas y\/o promociones de nuestros servicios y\/o productos o de terceras empresas relacionadas con nosotros. Estas ofertas comerciales ser\u00e1n, en todo caso, autorizadas de forma expresa y separada por el usuario que, puede revocar en cualquier momento su consentimiento a recibir estas notificaciones utilizando el mecanismo implementado al efecto en las mismas, o bien, desde las preferencias de la cuenta de cliente.<\/span><\/li><\/ul><p><span style=\"color: #000000;\">No trataremos sus datos personales para ninguna otra finalidad m\u00e1s all\u00e1 de las descritas anteriormente, salvo que venga impuesto por ley o exista alg\u00fan requerimiento judicial y\/o administrativo que implique un tratamiento de datos con finalidades distintas a las expuestas.<\/span><\/p><p>\u00a0<\/p><h3 style=\"text-align: center;\"><span style=\"color: #00318d;\"><strong>PLAZO DE CONSERVACI\u00d3N<\/strong><\/span><\/h3><p><span style=\"color: #000000;\">Los datos personales proporcionados se conservar\u00e1n y tratar\u00e1n mientras se mantenga la relaci\u00f3n de prestaci\u00f3n de servicios y\/o productos, sin perjuicio de la posibilidad de ejercitar sus derechos en materia de protecci\u00f3n de datos (acceso, rectificaci\u00f3n, supresi\u00f3n, oposici\u00f3n, limitaci\u00f3n, portabilidad y a no ser objeto de decisiones individuales automatizadas).<\/span><\/p><p><span style=\"color: #000000;\">Los datos personales de las personas interesadas en la recepci\u00f3n de informaci\u00f3n sobre los servicios y\/o productos se mantendr\u00e1n en el sistema de forma indefinida en tanto el interesado no solicite su supresi\u00f3n.<\/span><\/p><h3>\u00a0<\/h3><h3 style=\"text-align: center;\"><span style=\"color: #00318d;\"><strong>LEGITIMACI\u00d3N DEL TRATAMIENTO<\/strong><\/span><\/h3><p><span style=\"color: #000000;\">Cristina Fondevila Llevot trata sus datos personales de acuerdo con las dos siguientes bases legales: <span style=\"color: #00318d;\">Consentimiento del interesado (1)<\/span> y<span style=\"color: #00318d;\"> el inter\u00e9s leg\u00edtimo (2)<\/span>.<\/span><\/p><ol><li><span style=\"color: #000000;\"><strong><span style=\"color: #00318d;\">El consentimiento del interesado<\/span><\/strong> prestado para las finalidades anteriormente descritas, que se solicitar\u00e1:<\/span><\/li><\/ol><ul><li><span style=\"color: #000000;\">Antes de proceder a tratar sus datos,<\/span><\/li><li><span style=\"color: #000000;\">En el proceso de registro como cliente o,<\/span><\/li><li><span style=\"color: #000000;\">En el momento de enviar comunicaciones de Cristina Fondevila Llevot<\/span><\/li><\/ul><p><span style=\"color: #000000;\">Las solicitudes de informaci\u00f3n que nos haga llegar requieren que el interesado nos facilite de forma voluntaria los datos necesarios para poder atenderle o prestarle los servicios y\/o productos. No obstante, el interesado puede libremente negarse a facilitarnos esos datos o, posteriormente, revocar el consentimiento previamente otorgado para tratar sus datos, si bien esa negativa implicar\u00e1 la imposibilidad de que podamos atender su petici\u00f3n.<\/span><\/p><ol start=\"2\"><li><span style=\"color: #000000;\"><strong><span style=\"color: #00318d;\">El Inter\u00e9s leg\u00edtimo<\/span><\/strong> de Cristina Fondevila Llevot en mantener y fidelizar a sus clientes y\/o usuarios y atender mejor sus expectativas o intereses previamente manifestados, por ejemplo: mejorar los productos y\/o servicios ofrecidos, gestionar solicitudes, consultas o reclamaciones, ofrecer productos similares a los contratados, informar sobre promociones y descuentos vigentes, entre otros. Todo lo indicado anteriormente se entender\u00e1 sin perjuicio del cumplimiento por parte de Cristina Fondevila Llevot del resto de obligaciones relativas al env\u00edo de comunicaciones comerciales por v\u00eda electr\u00f3nica.<\/span><\/li><\/ol><p>\u00a0<\/p><p><span style=\"color: #000000;\">Cristina Fondevila Llevot entiende que, al facilitarnos sus datos personales, el interesado garantiza y se hace responsable de la veracidad, actualidad y exactitud de los mismos, y que acepta y consiente expresamente en su tratamiento para las finalidades antes descritas.<\/span><\/p><p>\u00a0<\/p><h3 style=\"text-align: center;\"><span style=\"color: #00318d;\"><strong>DESTINATARIOS DE CESIONES O TRANSFERENCIAS INTERNACIONALES.<\/strong><\/span><\/h3><p><span style=\"color: #000000;\">Con car\u00e1cter general, Cristina Fondevila Llevot no ceder\u00e1 sus datos personales a terceros salvo que estemos obligados legalmente a ello o usted nos lo haya autorizado expresamente al hacer uso de nuestros servicios y\/o productos.<\/span><\/p><p><span style=\"color: #000000;\">Cristina Fondevila Llevot \u00a0no realizar\u00e1 transferencias internacionales de los datos personales recabados a trav\u00e9s de este sitio web, con excepci\u00f3n de los siguientes supuestos:\u00a0<\/span><\/p><ul><li><span style=\"color: #000000;\">Que la transferencia internacional de datos sea necesaria para la ejecuci\u00f3n de un contrato o medidas precontractuales en las que el interesado sea parte.\u00a0<\/span><\/li><li><span style=\"color: #000000;\">Que la transferencia internacional de datos sea necesaria por aplicaci\u00f3n de la legislaci\u00f3n vigente.\u00a0<\/span><\/li><li><span style=\"color: #000000;\">Que la transferencia internacional de datos tenga lugar por mediar consentimiento expreso del interesado.\u00a0<\/span><\/li><li><span style=\"color: #000000;\">Que la transferencia internacional de datos tenga lugar por encontrarse alojada la p\u00e1gina web en servidores ubicados fuera del Espacio Econ\u00f3mico Europeo.\u00a0<\/span><\/li><\/ul><p><span style=\"color: #000000;\">En todo caso, en los supuestos en los que pueda tener lugar transferencias internacionales de datos, Cristina Fondevila Llevot \u00a0comprobar\u00e1 que el pa\u00eds importador de datos garantice un nivel adecuado de protecci\u00f3n en aplicaci\u00f3n de la normativa vigente.\u00a0<\/span><\/p><p>\u00a0<\/p><h3 style=\"text-align: center;\"><span style=\"color: #00318d;\"><strong>DERECHOS DE LAS PERSONAS INTERESADAS.<\/strong><\/span><\/h3><p><span style=\"color: #000000;\">La normativa de protecci\u00f3n de datos permite que puedas ejercer ante el responsable del tratamiento tus derechos de acceso, rectificaci\u00f3n, oposici\u00f3n, supresi\u00f3n (\u201cderecho al olvido\u201d), limitaci\u00f3n del tratamiento, portabilidad y de no ser objeto de decisiones individualizadas. A continuaci\u00f3n, te explicamos en qu\u00e9 consisten estos derechos:<\/span><\/p><ul><li><span style=\"color: #000000;\"><strong><span style=\"color: #00318d;\">Derecho de acceso:<\/span><\/strong> Permite al interesado conocer y obtener informaci\u00f3n sobre sus datos de car\u00e1cter personal sometidos a tratamiento.<\/span><\/li><li><span style=\"color: #000000;\"><strong><span style=\"color: #00318d;\">Derecho de rectificaci\u00f3n:<\/span><\/strong> Permite corregir errores, modificar los datos que resulten ser inexactos o incompletos y garantizar la certeza de sus datos personales.<\/span><\/li><li><span style=\"color: #000000;\"><strong><span style=\"color: #00318d;\">Derecho de supresi\u00f3n:<\/span><\/strong> Permite solicitar la eliminaci\u00f3n de sus datos personales cuando ya no sean necesarios para la ejecuci\u00f3n o prestaci\u00f3n del servicio.<\/span><\/li><li><span style=\"color: #000000;\"><strong><span style=\"color: #00318d;\">Derecho de oposici\u00f3n:<\/span><\/strong> Permite al interesado que no se lleve a cabo el tratamiento de sus datos de car\u00e1cter personal o su cese, salvo motivos leg\u00edtimos o para el ejercicio o defensa de posibles reclamaciones, en cuyo caso los mantendremos bloqueados durante el plazo correspondiente.<\/span><\/li><li><span style=\"color: #000000;\"><strong><span style=\"color: #00318d;\">Derecho de oposici\u00f3n al env\u00edo de publicidad:<\/span><\/strong> Los interesados podr\u00e1n oponerse al env\u00edo de comunicaciones comerciales. En ese caso puede revocar en cualquier momento su consentimiento a recibir estas notificaciones.<\/span><\/li><li><span style=\"color: #000000;\"><strong><span style=\"color: #00318d;\">Limitaci\u00f3n del tratamiento:<\/span><\/strong> En determinadas circunstancias, los interesados podr\u00e1n solicitar la limitaci\u00f3n del tratamiento de sus datos, en cuyo caso \u00fanicamente se conservar\u00e1n para el ejercicio o defensa de reclamaciones.<\/span><\/li><li><span style=\"color: #000000;\"><span style=\"color: #00318d;\"><strong>Portabilidad de los datos:<\/strong> <\/span>Las personas interesadas pueden solicitar recibir los datos que le incumban y que nos haya facilitado o que \u2013siempre que t\u00e9cnicamente sea posible\u2013 se los enviemos a otro responsable de tratamiento de su elecci\u00f3n, en un formato estructurado de uso com\u00fan y lectura mec\u00e1nica.<\/span><\/li><li><span style=\"color: #000000;\"><strong><span style=\"color: #00318d;\">Derecho a no ser objeto de decisiones individuales automatizadas (incluida la elaboraci\u00f3n de perfiles):<\/span><\/strong> Las personas interesadas tienen derecho a no ser objeto de una decisi\u00f3n basada en el tratamiento automatizado que produzca efectos jur\u00eddicos o afecte significativamente al interesado.<\/span><\/li><li><span style=\"color: #000000;\"><strong><span style=\"color: #00318d;\">Posibilidad de retirar el consentimiento:<\/span><\/strong> El interesado tiene derecho a retirar en cualquier momento el consentimiento prestado, sin que ello afecte a la licitud del tratamiento basado en el consentimiento prestado en el momento de facilitarnos sus datos.<\/span><\/li><\/ul><p>\u00a0<\/p><p><span style=\"color: #000000;\">Si desea ejercer alguno de los derechos expuestos, rogamos que se ponga en contacto con nosotros a trav\u00e9s de los datos de contacto que aparecen en <strong><span style=\"color: #00318d;\">\u201cIdentificaci\u00f3n del responsable del tratamiento de los datos personales<\/span><\/strong>\u201d, en el que incluya la siguiente informaci\u00f3n: Nombre y apellidos, n\u00famero de DNI, direcci\u00f3n postal y\/o electr\u00f3nica de contacto, indicando el tipo de derecho y especificando las condiciones del mismo. Es posible que le pidamos informaci\u00f3n adicional con la finalidad de verificar su identidad.<\/span><\/p><p><span style=\"color: #000000;\">Posibilidad de reclamar ante la Autoridad de Control: Cristina Fondevila Llevot \u00a0le informa igualmente del derecho que le asiste de presentar una reclamaci\u00f3n ante la Agencia Espa\u00f1ola de Protecci\u00f3n de Datos (www.agpd.es) si considera que el tratamiento no se ajusta a la normativa vigente.<\/span><\/p><h3 style=\"text-align: center;\">\u00a0<\/h3><h3 style=\"text-align: center;\"><span style=\"color: #00318d;\"><strong>INFORMACI\u00d3N ADICIONAL<\/strong><\/span><\/h3><p><span style=\"color: #00318d;\"><strong>Menores<\/strong><\/span><\/p><p><span style=\"color: #000000;\">Cristina Fondevila Llevot recomienda el uso de esta p\u00e1gina web a mayores de 18 a\u00f1os. Si acceden menores de 14 a\u00f1os, ser\u00e1 necesario el consentimiento de los padres, tutores o representantes legales del menor para poder realizarse el tratamiento de sus datos personales. Los padres, tutores o representantes legales del menor ser\u00e1n los \u00fanicos responsables en relaci\u00f3n a los contenidos a los que el menor pudieran tener acceso al visitar nuestra p\u00e1gina web.<\/span><\/p><p><span style=\"color: #00318d;\"><strong>Redes sociales<\/strong><\/span><\/p><p><span style=\"color: #000000;\">Es posible que Cristina Fondevila Llevot \u00a0disponga de perfiles en las distintas redes sociales. Tambi\u00e9n es posible que el usuario pueda acceder a los espacios privados que pudieran existir en esta p\u00e1gina web a trav\u00e9s de sus cuentas en redes sociales, en lugar de acceder con un usuario y contrase\u00f1a. En estos supuestos, de informa a los usuarios que proporcionen sus datos personales con la informaci\u00f3n disponible a trav\u00e9s de su cuenta y\/o perfil de usuario en las redes sociales, que \u00e9sta es la responsable del tratamiento de los tratamientos de datos que se realicen, salvo que expresamente se informe de otras condiciones en un tratamiento concreto.<\/span><\/p><h3 style=\"text-align: center;\"><span style=\"color: #00318d;\"><strong>Conservaci\u00f3n de determinados datos<\/strong><\/span><\/h3><p><span style=\"color: #000000;\">Cristina Fondevila Llevot informa que, en cumplimiento de las disposiciones de la Ley 25\/2007, de 18 de octubre, de conservaci\u00f3n de datos relativos a las comunicaciones electr\u00f3nicas y a las redes p\u00fablicas de comunicaciones, deber\u00e1 retener y conservar determinados datos de tr\u00e1fico generados durante el desarrollo de las comunicaciones con la finalidad de cederlos a las autoridades legitimadas, cuando concurran las circunstancias legales en ella previstas.<\/span><\/p><p><span style=\"color: #00318d;\"><strong>Datos registrados<\/strong><\/span><\/p><p><span style=\"color: #000000;\">Nuestros servidores recopilan informaci\u00f3n de manera autom\u00e1tica cuando el usuario utiliza los servicios de las webs. Estos datos de registro pueden incluir la direcci\u00f3n IP, la identificaci\u00f3n del dispositivo desde el que se accede a los productos, el sistema operativo, y la configuraci\u00f3n del dispositivo, entre otros.<\/span><\/p><p><span style=\"color: #00318d;\"><strong>Medidas de seguridad<\/strong><\/span><\/p><p><span style=\"color: #000000;\">Adem\u00e1s, se\u00a0le informa que el titular del sitio web (responsable del tratamiento) tiene implantadas las medidas de seguridad de \u00edndole t\u00e9cnica y organizativas necesarias para garantizar la seguridad de sus datos de car\u00e1cter personal y evitar su alteraci\u00f3n, p\u00e9rdida y tratamiento y\/o acceso no autorizado, habida cuenta del estado de la tecnolog\u00eda, la naturaleza de los datos almacenados y los riesgos a que est\u00e1n expuestos, ya provengan de la acci\u00f3n humana o del medio f\u00edsico o natural.\u00a0Asimismo,\u00a0se ha establecido medidas adicionales en orden a reforzar la confidencialidad e integridad de la informaci\u00f3n en su organizaci\u00f3n, manteniendo continuamente la supervisi\u00f3n, control y evaluaci\u00f3n de los procesos para asegurar el respeto a la privacidad de los datos.<\/span><\/p><p><span style=\"color: #00318d;\"><strong>Cookies<\/strong><\/span><\/p><p><span style=\"color: #000000;\">Nuestra p\u00e1gina web utiliza cookies propias y de terceros. Podr\u00e1s encontrar toda la informaci\u00f3n detallada relativa a las cookies en nuestra <a style=\"color: #000000;\" href=\"https:\/\/fisioterapiaenlleida.com\/politica-de-cookies\/\"><span style=\"color: #00318d;\"><strong>Pol\u00edtica de cookies.<\/strong><\/span><\/a><\/span><\/p><p><span style=\"color: #000000;\"><strong><span style=\"color: #00318d;\">Google Analytics<\/span>:<\/strong><\/span><\/p><p><span style=\"color: #000000;\">Google Analytics es un servicio anal\u00edtico de web prestado por Google, Inc., una compa\u00f1\u00eda de Delaware cuya oficina principal est\u00e1 en 1600 Amphitheatre Parkway, Mountain View (California), CA 94043, Estados Unidos (\u201cGoogle\u201d).<\/span><\/p><p><span style=\"color: #000000;\">Google Analytics utiliza \u201ccookies\u201d, que son archivos de texto ubicados en tu ordenador, para ayudar al website a analizar el uso que hacen los usuarios del sitio web.<\/span><\/p><p><span style=\"color: #000000;\">La informaci\u00f3n que genera la cookie acerca de tu uso del website (incluyendo tu direcci\u00f3n IP) ser\u00e1 directamente transmitida y archivada por Google. Google usar\u00e1 esta informaci\u00f3n por cuenta nuestra con el prop\u00f3sito de seguir la pista de su uso del website, recopilando informes de la actividad del website y prestando otros servicios relacionados con la actividad del website y el uso de Internet.<\/span><\/p><p><span style=\"color: #000000;\">Google podr\u00e1 transmitir dicha informaci\u00f3n a terceros cuando as\u00ed se lo requiera la legislaci\u00f3n, o cuando dichos terceros procesen la informaci\u00f3n por cuenta de Google. Google no asociar\u00e1 su direcci\u00f3n IP con ning\u00fan otro dato del que disponga.<\/span><\/p><p><span style=\"color: #000000;\">Como usuario, y en ejercicio de tus derechos, puedes rechazar el tratamiento de los datos o la informaci\u00f3n rechazando el uso de cookies mediante la selecci\u00f3n de la configuraci\u00f3n apropiada de tu navegador, sin embargo, debes saber que si lo hace puede que no puedas usar la plena funcionabilidad de este sitio web.<\/span><\/p><p><span style=\"color: #000000;\">Al utilizar esta web, de acuerdo a la informaci\u00f3n facilitada en esta Pol\u00edtica de Privacidad, aceptas el tratamiento de datos por parte de Google en la forma y para los fines indicados.\u00a0<\/span><\/p><p><span style=\"color: #00318d;\"><strong>Google Adsense:<\/strong><\/span><\/p><p><span style=\"color: #000000;\">Google, como proveedor asociado, utiliza cookies para publicar anuncios en este sitio web. Puedes inhabilitar el uso de la cookie de DART a trav\u00e9s del anuncio de Google y accediendo a la pol\u00edtica de privacidad de la red de contenido.<\/span><\/p><p><span style=\"color: #000000;\">Google utiliza empresas publicitarias asociadas para publicar anuncios cuando visita nuestro sitio web. Es posible que estas empresas usen la informaci\u00f3n que obtienen de tus visitas a este y otros sitios web (sin incluir tu nombre, direcci\u00f3n, direcci\u00f3n de correo electr\u00f3nico o n\u00famero de tel\u00e9fono) para ofrecerte anuncios sobre productos y servicios que te resulten de inter\u00e9s.\u00a0\u00a0<\/span><\/p><p><span style=\"color: #000000;\">Al utilizar esta web, consientes el tratamiento de datos por parte de Google en la forma y para los fines indicados.<\/span><\/p><p><span style=\"color: #000000;\">Si quieres saber m\u00e1s sobre el uso de cookies y las pr\u00e1cticas de recopilaci\u00f3n de informaci\u00f3n y los procedimientos de aceptaci\u00f3n o rechazo, consulta nuestra <strong><span style=\"color: #00318d;\"><a style=\"color: #00318d;\" href=\"https:\/\/fisioterapiaenlleida.com\/politica-de-cookies\/\">Pol\u00edtica de cookies<\/a><\/span><\/strong>.<br \/><\/span><\/p><h3>\u00a0<\/h3><h3><span style=\"color: #00318d;\"><strong>MEDIDAS DE SEGURIDAD<\/strong><\/span><\/h3><p><span style=\"color: #000000;\">Como titular de la web, Cristina Fondevila Llevot ha adoptado todas las medidas t\u00e9cnicas y de organizaci\u00f3n necesaria para garantizar la seguridad e integridad de los datos de car\u00e1cter personal que trate, as\u00ed como para evitar su p\u00e9rdida, alteraci\u00f3n y\/o acceso por parte de terceros no autorizados.\u00a0<\/span><\/p><p><span style=\"color: #000000;\">Te recordamos que, para m\u00e1s informaci\u00f3n, puedes consultar nuestras p\u00e1ginas de\u00a0<span style=\"color: #00318d;\"><strong><a style=\"color: #00318d;\" href=\"https:\/\/fisioterapiaenlleida.com\/aviso-legal\/\">Aviso Legal<\/a><\/strong><\/span>\u00a0y\u00a0<span style=\"color: #00318d;\"><strong><a style=\"color: #00318d;\" href=\"https:\/\/fisioterapiaenlleida.com\/politica-de-cookies\/\">Pol\u00edtica de Cookies<\/a><\/strong><\/span>.<\/span><\/p>\t\t\t\t\t\t<\/div>\n\t\t\t\t<\/div>\n\t\t\t\t\t<\/div>\n\t\t\t\t<\/div>\n\t\t\t\t<\/div>\n\t\t","protected":false},"excerpt":{"rendered":"<p>Pol\u00edtica de privacidad de la web fisioterapiaenlleida.com.<\/p>","protected":false},"author":1,"featured_media":0,"parent":0,"menu_order":8,"comment_status":"closed","ping_status":"closed","template":"elementor_header_footer","meta":{"footnotes":""},"class_list":["post-638","page","type-page","status-publish","hentry"],"_links":{"self":[{"href":"https:\/\/fisioterapiaenlleida.com\/ca\/wp-json\/wp\/v2\/pages\/638","targetHints":{"allow":["GET"]}}],"collection":[{"href":"https:\/\/fisioterapiaenlleida.com\/ca\/wp-json\/wp\/v2\/pages"}],"about":[{"href":"https:\/\/fisioterapiaenlleida.com\/ca\/wp-json\/wp\/v2\/types\/page"}],"author":[{"embeddable":true,"href":"https:\/\/fisioterapiaenlleida.com\/ca\/wp-json\/wp\/v2\/users\/1"}],"replies":[{"embeddable":true,"href":"https:\/\/fisioterapiaenlleida.com\/ca\/wp-json\/wp\/v2\/comments?post=638"}],"version-history":[{"count":4,"href":"https:\/\/fisioterapiaenlleida.com\/ca\/wp-json\/wp\/v2\/pages\/638\/revisions"}],"predecessor-version":[{"id":642,"href":"https:\/\/fisioterapiaenlleida.com\/ca\/wp-json\/wp\/v2\/pages\/638\/revisions\/642"}],"wp:attachment":[{"href":"https:\/\/fisioterapiaenlleida.com\/ca\/wp-json\/wp\/v2\/media?parent=638"}],"curies":[{"name":"wp","href":"https:\/\/api.w.org\/{rel}","templated":true}]}}