{"id":677,"date":"2024-02-07T12:52:55","date_gmt":"2024-02-07T12:52:55","guid":{"rendered":"https:\/\/fisioterapiaenlleida.com\/?page_id=677"},"modified":"2024-02-07T12:56:46","modified_gmt":"2024-02-07T12:56:46","slug":"declaracion-de-accesibilidad-web","status":"publish","type":"page","link":"https:\/\/fisioterapiaenlleida.com\/ca\/declaracion-de-accesibilidad-web\/","title":{"rendered":"Declaraci\u00f3 de accesibilitat web"},"content":{"rendered":"\t\t<div data-elementor-type=\"wp-page\" data-elementor-id=\"677\" class=\"elementor elementor-677\" data-elementor-post-type=\"page\">\n\t\t\t\t\t\t<section class=\"elementor-section elementor-top-section elementor-element elementor-element-3bbce502 elementor-section-full_width elementor-section-height-min-height elementor-section-height-default elementor-section-items-middle\" data-id=\"3bbce502\" data-element_type=\"section\" data-settings=\"{&quot;background_background&quot;:&quot;gradient&quot;}\">\n\t\t\t\t\t\t<div class=\"elementor-container elementor-column-gap-default\">\n\t\t\t\t\t<div class=\"elementor-column elementor-col-100 elementor-top-column elementor-element elementor-element-76f949e2 elementor-invisible\" data-id=\"76f949e2\" data-element_type=\"column\" data-settings=\"{&quot;background_background&quot;:&quot;classic&quot;,&quot;animation&quot;:&quot;fadeInUp&quot;}\">\n\t\t\t<div class=\"elementor-widget-wrap elementor-element-populated\">\n\t\t\t\t\t\t<div class=\"elementor-element elementor-element-2dace657 elementor-widget elementor-widget-heading\" data-id=\"2dace657\" data-element_type=\"widget\" data-widget_type=\"heading.default\">\n\t\t\t\t<div class=\"elementor-widget-container\">\n\t\t\t<style>\/*! elementor - v3.19.0 - 05-02-2024 *\/\n.elementor-heading-title{padding:0;margin:0;line-height:1}.elementor-widget-heading .elementor-heading-title[class*=elementor-size-]>a{color:inherit;font-size:inherit;line-height:inherit}.elementor-widget-heading .elementor-heading-title.elementor-size-small{font-size:15px}.elementor-widget-heading .elementor-heading-title.elementor-size-medium{font-size:19px}.elementor-widget-heading .elementor-heading-title.elementor-size-large{font-size:29px}.elementor-widget-heading .elementor-heading-title.elementor-size-xl{font-size:39px}.elementor-widget-heading .elementor-heading-title.elementor-size-xxl{font-size:59px}<\/style><h1 class=\"elementor-heading-title elementor-size-default\">Declaraci\u00f3n de accesibilidad web<\/h1>\t\t<\/div>\n\t\t\t\t<\/div>\n\t\t\t\t\t<\/div>\n\t\t<\/div>\n\t\t\t\t\t<\/div>\n\t\t<\/section>\n\t\t<div class=\"elementor-element elementor-element-284daa5 e-flex e-con-boxed e-con e-parent\" data-id=\"284daa5\" data-element_type=\"container\" data-settings=\"{&quot;content_width&quot;:&quot;boxed&quot;}\" data-core-v316-plus=\"true\">\n\t\t\t\t\t<div class=\"e-con-inner\">\n\t\t\t\t<div class=\"elementor-element elementor-element-46a85c4 elementor-widget elementor-widget-text-editor\" data-id=\"46a85c4\" data-element_type=\"widget\" data-widget_type=\"text-editor.default\">\n\t\t\t\t<div class=\"elementor-widget-container\">\n\t\t\t<style>\/*! elementor - v3.19.0 - 05-02-2024 *\/\n.elementor-widget-text-editor.elementor-drop-cap-view-stacked .elementor-drop-cap{background-color:#69727d;color:#fff}.elementor-widget-text-editor.elementor-drop-cap-view-framed .elementor-drop-cap{color:#69727d;border:3px solid;background-color:transparent}.elementor-widget-text-editor:not(.elementor-drop-cap-view-default) .elementor-drop-cap{margin-top:8px}.elementor-widget-text-editor:not(.elementor-drop-cap-view-default) .elementor-drop-cap-letter{width:1em;height:1em}.elementor-widget-text-editor .elementor-drop-cap{float:left;text-align:center;line-height:1;font-size:50px}.elementor-widget-text-editor .elementor-drop-cap-letter{display:inline-block}<\/style>\t\t\t\t<p><span style=\"color: #000000;\"><strong>Cristina Fondevila Llevot<\/strong> se ha comprometido a hacer accesible su sitio web, de conformidad con el <a style=\"color: #000000;\" href=\"https:\/\/www.boe.es\/diario_boe\/txt.php?id=BOE-A-2018-12699\" rel=\"nofollow noopener\" target=\"_blank\"><span style=\"color: #00318d;\">Real Decreto 1112\/2018, d<\/span>e 7 de septiembre, sobre accesibilidad de los sitios web y aplicaciones para dispositivos m\u00f3viles del sector p\u00fablico.<\/a><\/span><\/p><p><span style=\"color: #000000;\">La presente declaraci\u00f3n de accesibilidad se aplica al sitio web <a href=\"https:\/\/fisioterapiaenlleida.com\">https:\/\/fisioterapiaenlleida.com<\/a><\/span><\/p><p><span style=\"color: #00318d;\"><strong>Situaci\u00f3n de cumplimiento<\/strong><\/span><\/p><p><span style=\"color: #000000;\">Este sitio web es parcialmente conforme con el <a style=\"color: #000000;\" href=\"https:\/\/www.boe.es\/diario_boe\/txt.php?id=BOE-A-2018-12699\" rel=\"nofollow noopener\" target=\"_blank\">RD 1112\/2018<\/a> debido a las excepciones y a la falta de conformidad de los aspectos que se indican en el siguiente punto.<\/span><\/p><p><span style=\"color: #00318d;\"><strong>Contenido no accesible<\/strong><\/span><\/p><p><span style=\"color: #000000;\">El contenido que se recoge a continuaci\u00f3n no es accesible por lo siguiente:<\/span><\/p><p><span style=\"color: #00318d;\"><strong>Falta de conformidad con el RD 1112\/2018<\/strong><\/span><\/p><p><span style=\"color: #000000;\">Podr\u00edan existir documentos ofim\u00e1ticos en PDF y otros formatos publicados posteriormente al <strong>07 de Febrero de 2024 <\/strong>que no cumplan en su totalidad los requisitos de accesibilidad. Se pueden solicitar los documentos completamente accesibles desde el formulario de contacto para formalizar quejas y consultas.<\/span><\/p><p><span style=\"color: #000000;\">Podr\u00edan existir errores de c\u00f3digo puntuales de edici\u00f3n en alguna p\u00e1gina web. [4.1.1 Procesamiento]<\/span><\/p><p><span style=\"color: #00318d;\"><strong>Carga desproporcionada<\/strong><\/span><\/p><p><span style=\"color: #000000;\">No aplica.<\/span><\/p><p><span style=\"color: #00318d;\"><strong>El contenido no entra dentro del \u00e1mbito de la legislaci\u00f3n aplicable<\/strong><\/span><\/p><p><span style=\"color: #000000;\">Podr\u00edan existir archivos ofim\u00e1ticos en PDF u otros formatos publicados antes del <strong>07 de Febrero de 2024 <\/strong>\u00a0que no cumplan en su totalidad todos los requisitos de accesibilidad. Aunque se ha procurado que la mayor\u00eda de ellos s\u00ed lo cumplan.<\/span><\/p><p><span style=\"color: #00318d;\"><strong>Preparaci\u00f3n para la siguiente declaraci\u00f3n de accesibilidad<\/strong><\/span><\/p><p><span style=\"color: #000000;\">La presente declaraci\u00f3n fue preparada el <strong>07 de Febrero de 2024<\/strong>.<\/span><\/p><p><span style=\"color: #000000;\">El m\u00e9todo empleado para preparar la declaraci\u00f3n ha sido una autoevaluaci\u00f3n llevada a cabo por la propia empresa.<br \/><\/span><\/p><p><span style=\"color: #00318d;\"><strong>Observaciones y datos de contacto<\/strong><\/span><\/p><p><span style=\"color: #000000;\">Puede realizar comunicaciones sobre requisitos de accesibilidad (art\u00edculo 10.2.a del RD 1112\/2018) como, por ejemplo:<\/span><\/p><ul><li><span style=\"color: #000000;\">Informar sobre cualquier posible incumplimiento por parte de este sitio web<\/span><\/li><li><span style=\"color: #000000;\">Transmitir otras dificultades de acceso al contenido<\/span><\/li><li><span style=\"color: #000000;\">Formular cualquier otra consulta o sugerencia de mejora relativa a la accesibilidad del sitio web a trav\u00e9s del <a style=\"color: #000000;\" href=\"https:\/\/fisioterapiaenlleida.com\/contactar\/\"><span style=\"color: #00318d;\">formulario de contacto<\/span><\/a> de este sitio web o a trav\u00e9s del n\u00famero de tel\u00e9fono <strong>(+34) <span style=\"color: #00318d;\">630881567<\/span><\/strong>.<\/span><\/li><\/ul><p><span style=\"color: #000000;\">Puede presentar:<\/span><\/p><ul><li><span style=\"color: #000000;\">Queja relativa al cumplimiento de los requisitos del RD 1112\/2018 o<\/span><\/li><li><span style=\"color: #000000;\">Solicitud de Informaci\u00f3n accesible relativa a:<\/span><ul><li><span style=\"color: #000000;\">Contenidos que est\u00e1n excluidos del \u00e1mbito de aplicaci\u00f3n del RD 1112\/2018 seg\u00fan lo establecido por el art\u00edculo 3, apartado 4<\/span><\/li><li><span style=\"color: #000000;\">Contenidos que est\u00e1n exentos del cumplimiento de los requisitos de accesibilidad por imponer una carga desproporcionada<\/span><\/li><\/ul><\/li><\/ul><p><span style=\"color: #000000;\">En la Solicitud de informaci\u00f3n accesible, se debe concretar, con toda claridad, los hechos, razones y petici\u00f3n que permitan constatar que se trata de una solicitud razonable y leg\u00edtima.<\/span><\/p><p><span style=\"color: #000000;\">Las quejas y reclamaciones sobre informaci\u00f3n accesible se realizar\u00e1n a trav\u00e9s de la sede electr\u00f3nica (<a style=\"color: #000000;\" href=\"https:\/\/sede.red.gob.es\/procedimientos\/quejas-y-sugerencias\" rel=\"nofollow noopener\" target=\"_blank\">https:\/\/sede.red.gob.es\/procedimientos\/quejas-y-sugerencias<\/a>), y ser\u00e1n recibidas y tratadas por el \u00e1rea de Sistemas de la Informaci\u00f3n de <a style=\"color: #000000;\" href=\"http:\/\/Red.es\" rel=\"nofollow noopener\" target=\"_blank\">Red.es<\/a>.<\/span><\/p><p><span style=\"color: #00318d;\"><strong>Contenido opcional<\/strong><\/span><\/p><p><span style=\"color: #000000;\">Este portal est\u00e1 dise\u00f1ado para poder cambiar el tama\u00f1o del texto y el color, as\u00ed como el fondo de la p\u00e1gina mediante las opciones de configuraci\u00f3n est\u00e1ndar de los navegadores.<\/span><\/p><p><span style=\"color: #000000;\">Si desea cambiar el tama\u00f1o de letra del texto en los principales navegadores gr\u00e1ficos utilice los siguientes men\u00fas:<\/span><\/p><ul><li><span style=\"color: #000000;\"><span style=\"color: #00318d;\">Internet Explorer, Mozilla y Firefox:<\/span> Ver &gt; Tama\u00f1o del texto<\/span><\/li><li><span style=\"color: #000000;\"><span style=\"color: #00318d;\">Opera:<\/span> Ver &gt; Zoom<\/span><\/li><li><span style=\"color: #000000;\"><span style=\"color: #00318d;\">Safari:<\/span> Ver &gt; Hacer el texto m\u00e1s grande<\/span><\/li><li><span style=\"color: #000000;\">Chrome: Controla la p\u00e1gina actual &gt; Tama\u00f1o del texto<\/span><\/li><li><span style=\"color: #000000;\">Para modificar el tama\u00f1o de todo en la p\u00e1gina:<\/span><ul><li><span style=\"color: #000000;\">Ctrl + + para aumentarlo<\/span><\/li><li><span style=\"color: #000000;\">Ctrl + \u2013 para disminuirlo<\/span><\/li><li><span style=\"color: #000000;\">Ctrl + 0 restaura el tama\u00f1o original del texto<\/span><\/li><li><span style=\"color: #000000;\">Si lo que quiere es anular la hoja de estilos o modificar el color del texto, puede consultar la p\u00e1gina How to Change Text Size or Colors de la WAI, que se puede leer traducida al espa\u00f1ol en \u00bfC\u00f3mo cambiar el tama\u00f1o del texto o colores?<\/span><\/li><\/ul><\/li><\/ul>\t\t\t\t\t\t<\/div>\n\t\t\t\t<\/div>\n\t\t\t\t\t<\/div>\n\t\t\t\t<\/div>\n\t\t\t\t<\/div>\n\t\t","protected":false},"excerpt":{"rendered":"<p>Declarac<\/p>","protected":false},"author":1,"featured_media":0,"parent":0,"menu_order":10,"comment_status":"closed","ping_status":"closed","template":"elementor_header_footer","meta":{"footnotes":""},"class_list":["post-677","page","type-page","status-publish","hentry"],"_links":{"self":[{"href":"https:\/\/fisioterapiaenlleida.com\/ca\/wp-json\/wp\/v2\/pages\/677","targetHints":{"allow":["GET"]}}],"collection":[{"href":"https:\/\/fisioterapiaenlleida.com\/ca\/wp-json\/wp\/v2\/pages"}],"about":[{"href":"https:\/\/fisioterapiaenlleida.com\/ca\/wp-json\/wp\/v2\/types\/page"}],"author":[{"embeddable":true,"href":"https:\/\/fisioterapiaenlleida.com\/ca\/wp-json\/wp\/v2\/users\/1"}],"replies":[{"embeddable":true,"href":"https:\/\/fisioterapiaenlleida.com\/ca\/wp-json\/wp\/v2\/comments?post=677"}],"version-history":[{"count":3,"href":"https:\/\/fisioterapiaenlleida.com\/ca\/wp-json\/wp\/v2\/pages\/677\/revisions"}],"predecessor-version":[{"id":680,"href":"https:\/\/fisioterapiaenlleida.com\/ca\/wp-json\/wp\/v2\/pages\/677\/revisions\/680"}],"wp:attachment":[{"href":"https:\/\/fisioterapiaenlleida.com\/ca\/wp-json\/wp\/v2\/media?parent=677"}],"curies":[{"name":"wp","href":"https:\/\/api.w.org\/{rel}","templated":true}]}}