{"id":96,"date":"2024-01-21T21:30:00","date_gmt":"2024-01-21T21:30:00","guid":{"rendered":"https:\/\/fisioterapiaenlleida.com\/?page_id=96"},"modified":"2024-02-09T08:41:51","modified_gmt":"2024-02-09T08:41:51","slug":"inicio","status":"publish","type":"page","link":"https:\/\/fisioterapiaenlleida.com\/ca\/","title":{"rendered":"Inici"},"content":{"rendered":"\t\t<div data-elementor-type=\"wp-page\" data-elementor-id=\"96\" class=\"elementor elementor-96\" data-elementor-post-type=\"page\">\n\t\t\t\t<div class=\"elementor-element elementor-element-b6cab2b e-con-full elementor-hidden-mobile e-flex e-con e-parent\" data-id=\"b6cab2b\" data-element_type=\"container\" data-settings=\"{&quot;content_width&quot;:&quot;full&quot;,&quot;background_background&quot;:&quot;classic&quot;}\" data-core-v316-plus=\"true\">\n\t\t<div class=\"elementor-element elementor-element-57e7225 e-con-full e-flex e-con e-child\" data-id=\"57e7225\" data-element_type=\"container\" data-settings=\"{&quot;content_width&quot;:&quot;full&quot;}\">\n\t\t\t\t<div class=\"elementor-element elementor-element-dac6d7d elementor-widget__width-initial animated-slow elementor-invisible elementor-widget elementor-widget-heading\" data-id=\"dac6d7d\" data-element_type=\"widget\" data-settings=\"{&quot;_animation&quot;:&quot;fadeIn&quot;}\" data-widget_type=\"heading.default\">\n\t\t\t\t<div class=\"elementor-widget-container\">\n\t\t\t<style>\/*! elementor - v3.19.0 - 05-02-2024 *\/\n.elementor-heading-title{padding:0;margin:0;line-height:1}.elementor-widget-heading .elementor-heading-title[class*=elementor-size-]>a{color:inherit;font-size:inherit;line-height:inherit}.elementor-widget-heading .elementor-heading-title.elementor-size-small{font-size:15px}.elementor-widget-heading .elementor-heading-title.elementor-size-medium{font-size:19px}.elementor-widget-heading .elementor-heading-title.elementor-size-large{font-size:29px}.elementor-widget-heading .elementor-heading-title.elementor-size-xl{font-size:39px}.elementor-widget-heading .elementor-heading-title.elementor-size-xxl{font-size:59px}<\/style><h1 class=\"elementor-heading-title elementor-size-default\">Centro de Fisioterapia CF<\/h1>\t\t<\/div>\n\t\t\t\t<\/div>\n\t\t\t\t<div class=\"elementor-element elementor-element-838b5f8 elementor-widget__width-initial animated-slow elementor-invisible elementor-widget elementor-widget-heading\" data-id=\"838b5f8\" data-element_type=\"widget\" data-settings=\"{&quot;_animation&quot;:&quot;fadeInDown&quot;}\" data-widget_type=\"heading.default\">\n\t\t\t\t<div class=\"elementor-widget-container\">\n\t\t\t<h2 class=\"elementor-heading-title elementor-size-default\">Tu salud en buenas manos<\/h2>\t\t<\/div>\n\t\t\t\t<\/div>\n\t\t\t\t<div class=\"elementor-element elementor-element-966c5b4 elementor-align-center animated-slow elementor-invisible elementor-widget elementor-widget-button\" data-id=\"966c5b4\" data-element_type=\"widget\" data-settings=\"{&quot;_animation&quot;:&quot;slideInUp&quot;}\" data-widget_type=\"button.default\">\n\t\t\t\t<div class=\"elementor-widget-container\">\n\t\t\t\t\t<div class=\"elementor-button-wrapper\">\n\t\t\t<a class=\"elementor-button elementor-button-link elementor-size-lg\" href=\"https:\/\/fisioterapiaenlleida.com\/index.php\/contactar\/\" target=\"_blank\" rel=\"nofollow\">\n\t\t\t\t\t\t<span class=\"elementor-button-content-wrapper\">\n\t\t\t\t\t\t<span class=\"elementor-button-text\">Llame  y pida cita al 630881567<\/span>\n\t\t<\/span>\n\t\t\t\t\t<\/a>\n\t\t<\/div>\n\t\t\t\t<\/div>\n\t\t\t\t<\/div>\n\t\t\t\t<\/div>\n\t\t<div class=\"elementor-element elementor-element-f3c32da e-con-full e-flex e-con e-child\" data-id=\"f3c32da\" data-element_type=\"container\" data-settings=\"{&quot;content_width&quot;:&quot;full&quot;}\">\n\t\t\t\t<\/div>\n\t\t\t\t<\/div>\n\t\t\t\t<section class=\"elementor-section elementor-top-section elementor-element elementor-element-1b751100 elementor-section-boxed elementor-section-height-default elementor-section-height-default\" data-id=\"1b751100\" data-element_type=\"section\">\n\t\t\t\t\t\t<div class=\"elementor-container elementor-column-gap-default\">\n\t\t\t\t\t<div class=\"elementor-column elementor-col-100 elementor-top-column elementor-element elementor-element-63d2fb07\" data-id=\"63d2fb07\" data-element_type=\"column\">\n\t\t\t<div class=\"elementor-widget-wrap elementor-element-populated\">\n\t\t\t\t\t\t<div class=\"elementor-element elementor-element-17cd55a9 elementor-widget elementor-widget-heading\" data-id=\"17cd55a9\" data-element_type=\"widget\" data-widget_type=\"heading.default\">\n\t\t\t\t<div class=\"elementor-widget-container\">\n\t\t\t<h2 class=\"elementor-heading-title elementor-size-xl\">Bienvenido a tu Centro de Fisioterapia en Lleida<\/h2>\t\t<\/div>\n\t\t\t\t<\/div>\n\t\t\t\t<div class=\"elementor-element elementor-element-342758a0 elementor-widget elementor-widget-text-editor\" data-id=\"342758a0\" data-element_type=\"widget\" data-widget_type=\"text-editor.default\">\n\t\t\t\t<div class=\"elementor-widget-container\">\n\t\t\t<style>\/*! elementor - v3.19.0 - 05-02-2024 *\/\n.elementor-widget-text-editor.elementor-drop-cap-view-stacked .elementor-drop-cap{background-color:#69727d;color:#fff}.elementor-widget-text-editor.elementor-drop-cap-view-framed .elementor-drop-cap{color:#69727d;border:3px solid;background-color:transparent}.elementor-widget-text-editor:not(.elementor-drop-cap-view-default) .elementor-drop-cap{margin-top:8px}.elementor-widget-text-editor:not(.elementor-drop-cap-view-default) .elementor-drop-cap-letter{width:1em;height:1em}.elementor-widget-text-editor .elementor-drop-cap{float:left;text-align:center;line-height:1;font-size:50px}.elementor-widget-text-editor .elementor-drop-cap-letter{display:inline-block}<\/style>\t\t\t\t<div class=\"et_pb_module et_pb_text et_pb_text_0 et_pb_bg_layout_light et_pb_text_align_left\"><div class=\"et_pb_text_inner\"><p style=\"text-align: center;\"><strong><span class=\"Y2IQFc\" lang=\"es\">Gracias a la experiencia y formaci\u00f3n de nuestro equipo de profesionales cualificados y una esmerada metodolog\u00eda de trabajo, le garantizamos una asistencia de calidad y confianza. <br \/>Esto hace que sea un proyecto diferente, en el que los objetivos principales son la calidad, la profesionalidad y el trato cercano, que est\u00e1n por encima de todo y al servicio de la salud del paciente.<\/span><\/strong><\/p><\/div><\/div>\t\t\t\t\t\t<\/div>\n\t\t\t\t<\/div>\n\t\t\t\t\t<\/div>\n\t\t<\/div>\n\t\t\t\t\t<\/div>\n\t\t<\/section>\n\t\t\t\t<section class=\"elementor-section elementor-top-section elementor-element elementor-element-d62f0c7 elementor-section-boxed elementor-section-height-default elementor-section-height-default\" data-id=\"d62f0c7\" data-element_type=\"section\">\n\t\t\t\t\t\t<div class=\"elementor-container elementor-column-gap-default\">\n\t\t\t\t\t<div class=\"elementor-column elementor-col-33 elementor-top-column elementor-element elementor-element-5c0f9d01\" data-id=\"5c0f9d01\" data-element_type=\"column\">\n\t\t\t<div class=\"elementor-widget-wrap elementor-element-populated\">\n\t\t\t\t\t\t<div class=\"elementor-element elementor-element-53c79208 elementor-view-default elementor-position-top elementor-mobile-position-top elementor-widget elementor-widget-icon-box\" data-id=\"53c79208\" data-element_type=\"widget\" data-widget_type=\"icon-box.default\">\n\t\t\t\t<div class=\"elementor-widget-container\">\n\t\t\t<link rel=\"stylesheet\" href=\"https:\/\/fisioterapiaenlleida.com\/wp-content\/plugins\/elementor\/assets\/css\/widget-icon-box.min.css\">\t\t<div class=\"elementor-icon-box-wrapper\">\n\t\t\t\t\t\t<div class=\"elementor-icon-box-icon\">\n\t\t\t\t<span  class=\"elementor-icon elementor-animation-\">\n\t\t\t\t<svg aria-hidden=\"true\" class=\"e-font-icon-svg e-fas-user-md\" viewBox=\"0 0 448 512\" xmlns=\"http:\/\/www.w3.org\/2000\/svg\"><path d=\"M224 256c70.7 0 128-57.3 128-128S294.7 0 224 0 96 57.3 96 128s57.3 128 128 128zM104 424c0 13.3 10.7 24 24 24s24-10.7 24-24-10.7-24-24-24-24 10.7-24 24zm216-135.4v49c36.5 7.4 64 39.8 64 78.4v41.7c0 7.6-5.4 14.2-12.9 15.7l-32.2 6.4c-4.3.9-8.5-1.9-9.4-6.3l-3.1-15.7c-.9-4.3 1.9-8.6 6.3-9.4l19.3-3.9V416c0-62.8-96-65.1-96 1.9v26.7l19.3 3.9c4.3.9 7.1 5.1 6.3 9.4l-3.1 15.7c-.9 4.3-5.1 7.1-9.4 6.3l-31.2-4.2c-7.9-1.1-13.8-7.8-13.8-15.9V416c0-38.6 27.5-70.9 64-78.4v-45.2c-2.2.7-4.4 1.1-6.6 1.9-18 6.3-37.3 9.8-57.4 9.8s-39.4-3.5-57.4-9.8c-7.4-2.6-14.9-4.2-22.6-5.2v81.6c23.1 6.9 40 28.1 40 53.4 0 30.9-25.1 56-56 56s-56-25.1-56-56c0-25.3 16.9-46.5 40-53.4v-80.4C48.5 301 0 355.8 0 422.4v44.8C0 491.9 20.1 512 44.8 512h358.4c24.7 0 44.8-20.1 44.8-44.8v-44.8c0-72-56.8-130.3-128-133.8z\"><\/path><\/svg>\t\t\t\t<\/span>\n\t\t\t<\/div>\n\t\t\t\t\t\t<div class=\"elementor-icon-box-content\">\n\t\t\t\t<h3 class=\"elementor-icon-box-title\">\n\t\t\t\t\t<span  >\n\t\t\t\t\t\tProfesionalidad\t\t\t\t\t<\/span>\n\t\t\t\t<\/h3>\n\t\t\t\t\t\t\t\t\t<p class=\"elementor-icon-box-description\">\n\t\t\t\t\t\tTu salud nos importa tanto como a ti, por eso queremos ayudarte y te invitamos a conocernos. Somos profesionales titulados, especialistas en t\u00e9cnicas manuales avanzadas.\t\t\t\t\t<\/p>\n\t\t\t\t\t\t\t<\/div>\n\t\t<\/div>\n\t\t\t\t<\/div>\n\t\t\t\t<\/div>\n\t\t\t\t\t<\/div>\n\t\t<\/div>\n\t\t\t\t<div class=\"elementor-column elementor-col-33 elementor-top-column elementor-element elementor-element-7c7306bd\" data-id=\"7c7306bd\" data-element_type=\"column\">\n\t\t\t<div class=\"elementor-widget-wrap elementor-element-populated\">\n\t\t\t\t\t\t<div class=\"elementor-element elementor-element-66d3f1bc elementor-view-default elementor-position-top elementor-mobile-position-top elementor-widget elementor-widget-icon-box\" data-id=\"66d3f1bc\" data-element_type=\"widget\" data-widget_type=\"icon-box.default\">\n\t\t\t\t<div class=\"elementor-widget-container\">\n\t\t\t\t\t<div class=\"elementor-icon-box-wrapper\">\n\t\t\t\t\t\t<div class=\"elementor-icon-box-icon\">\n\t\t\t\t<span  class=\"elementor-icon elementor-animation-\">\n\t\t\t\t<svg aria-hidden=\"true\" class=\"e-font-icon-svg e-fas-thumbs-up\" viewBox=\"0 0 512 512\" xmlns=\"http:\/\/www.w3.org\/2000\/svg\"><path d=\"M104 224H24c-13.255 0-24 10.745-24 24v240c0 13.255 10.745 24 24 24h80c13.255 0 24-10.745 24-24V248c0-13.255-10.745-24-24-24zM64 472c-13.255 0-24-10.745-24-24s10.745-24 24-24 24 10.745 24 24-10.745 24-24 24zM384 81.452c0 42.416-25.97 66.208-33.277 94.548h101.723c33.397 0 59.397 27.746 59.553 58.098.084 17.938-7.546 37.249-19.439 49.197l-.11.11c9.836 23.337 8.237 56.037-9.308 79.469 8.681 25.895-.069 57.704-16.382 74.757 4.298 17.598 2.244 32.575-6.148 44.632C440.202 511.587 389.616 512 346.839 512l-2.845-.001c-48.287-.017-87.806-17.598-119.56-31.725-15.957-7.099-36.821-15.887-52.651-16.178-6.54-.12-11.783-5.457-11.783-11.998v-213.77c0-3.2 1.282-6.271 3.558-8.521 39.614-39.144 56.648-80.587 89.117-113.111 14.804-14.832 20.188-37.236 25.393-58.902C282.515 39.293 291.817 0 312 0c24 0 72 8 72 81.452z\"><\/path><\/svg>\t\t\t\t<\/span>\n\t\t\t<\/div>\n\t\t\t\t\t\t<div class=\"elementor-icon-box-content\">\n\t\t\t\t<h3 class=\"elementor-icon-box-title\">\n\t\t\t\t\t<span  >\n\t\t\t\t\t\tCalidad\t\t\t\t\t<\/span>\n\t\t\t\t<\/h3>\n\t\t\t\t\t\t\t\t\t<p class=\"elementor-icon-box-description\">\n\t\t\t\t\t\tGracias a la dedicaci\u00f3n de nuestro equipo y a la formaci\u00f3n continua, conseguimos los mejores resultados en nuestros clientes con tratamientos siempre adaptados a cada patolog\u00eda.\t\t\t\t\t<\/p>\n\t\t\t\t\t\t\t<\/div>\n\t\t<\/div>\n\t\t\t\t<\/div>\n\t\t\t\t<\/div>\n\t\t\t\t\t<\/div>\n\t\t<\/div>\n\t\t\t\t<div class=\"elementor-column elementor-col-33 elementor-top-column elementor-element elementor-element-7a1e27eb\" data-id=\"7a1e27eb\" data-element_type=\"column\">\n\t\t\t<div class=\"elementor-widget-wrap elementor-element-populated\">\n\t\t\t\t\t\t<div class=\"elementor-element elementor-element-527b02e8 elementor-view-default elementor-position-top elementor-mobile-position-top elementor-widget elementor-widget-icon-box\" data-id=\"527b02e8\" data-element_type=\"widget\" data-widget_type=\"icon-box.default\">\n\t\t\t\t<div class=\"elementor-widget-container\">\n\t\t\t\t\t<div class=\"elementor-icon-box-wrapper\">\n\t\t\t\t\t\t<div class=\"elementor-icon-box-icon\">\n\t\t\t\t<span  class=\"elementor-icon elementor-animation-\">\n\t\t\t\t<svg aria-hidden=\"true\" class=\"e-font-icon-svg e-fas-sign-language\" viewBox=\"0 0 448 512\" xmlns=\"http:\/\/www.w3.org\/2000\/svg\"><path d=\"M91.434 483.987c-.307-16.018 13.109-29.129 29.13-29.129h62.293v-5.714H56.993c-16.021 0-29.437-13.111-29.13-29.129C28.16 404.491 40.835 392 56.428 392h126.429v-5.714H29.136c-16.021 0-29.437-13.111-29.13-29.129.297-15.522 12.973-28.013 28.566-28.013h154.286v-5.714H57.707c-16.021 0-29.437-13.111-29.13-29.129.297-15.522 12.973-28.013 28.566-28.013h168.566l-31.085-22.606c-12.762-9.281-15.583-27.149-6.302-39.912 9.281-12.761 27.15-15.582 39.912-6.302l123.361 89.715a34.287 34.287 0 0 1 14.12 27.728v141.136c0 15.91-10.946 29.73-26.433 33.374l-80.471 18.934a137.16 137.16 0 0 1-31.411 3.646H120c-15.593-.001-28.269-12.492-28.566-28.014zm73.249-225.701h36.423l-11.187-8.136c-18.579-13.511-20.313-40.887-3.17-56.536l-13.004-16.7c-9.843-12.641-28.43-15.171-40.88-5.088-12.065 9.771-14.133 27.447-4.553 39.75l36.371 46.71zm283.298-2.103l-5.003-152.452c-.518-15.771-13.722-28.136-29.493-27.619-15.773.518-28.137 13.722-27.619 29.493l1.262 38.415L283.565 11.019c-9.58-12.303-27.223-14.63-39.653-5.328-12.827 9.599-14.929 28.24-5.086 40.881l76.889 98.745-4.509 3.511-94.79-121.734c-9.58-12.303-27.223-14.63-39.653-5.328-12.827 9.599-14.929 28.24-5.086 40.881l94.443 121.288-4.509 3.511-77.675-99.754c-9.58-12.303-27.223-14.63-39.653-5.328-12.827 9.599-14.929 28.24-5.086 40.881l52.053 66.849c12.497-8.257 29.055-8.285 41.69.904l123.36 89.714c10.904 7.93 17.415 20.715 17.415 34.198v16.999l61.064-47.549a34.285 34.285 0 0 0 13.202-28.177z\"><\/path><\/svg>\t\t\t\t<\/span>\n\t\t\t<\/div>\n\t\t\t\t\t\t<div class=\"elementor-icon-box-content\">\n\t\t\t\t<h3 class=\"elementor-icon-box-title\">\n\t\t\t\t\t<span  >\n\t\t\t\t\t\tTrato cercano\t\t\t\t\t<\/span>\n\t\t\t\t<\/h3>\n\t\t\t\t\t\t\t\t\t<p class=\"elementor-icon-box-description\">\n\t\t\t\t\t\tSi tienes molestias o una enfermedad que te impida hacer tu vida normal y disfrutarla ven a conocernos   y  encontrar\u00e1s un centro con un ambiente agradable donde te sentir\u00e1s c\u00f3modo y relajado.\t\t\t\t\t<\/p>\n\t\t\t\t\t\t\t<\/div>\n\t\t<\/div>\n\t\t\t\t<\/div>\n\t\t\t\t<\/div>\n\t\t\t\t\t<\/div>\n\t\t<\/div>\n\t\t\t\t\t<\/div>\n\t\t<\/section>\n\t\t\t\t<section class=\"elementor-section elementor-top-section elementor-element elementor-element-36769824 elementor-section-content-middle elementor-section-boxed elementor-section-height-default elementor-section-height-default\" data-id=\"36769824\" data-element_type=\"section\">\n\t\t\t\t\t\t<div class=\"elementor-container elementor-column-gap-no\">\n\t\t\t\t\t<div class=\"elementor-column elementor-col-100 elementor-top-column elementor-element elementor-element-2d97f2e0\" data-id=\"2d97f2e0\" data-element_type=\"column\">\n\t\t\t<div class=\"elementor-widget-wrap elementor-element-populated\">\n\t\t\t\t\t\t<div class=\"elementor-element elementor-element-5f3b233d elementor-widget elementor-widget-heading\" data-id=\"5f3b233d\" data-element_type=\"widget\" data-widget_type=\"heading.default\">\n\t\t\t\t<div class=\"elementor-widget-container\">\n\t\t\t<h2 class=\"elementor-heading-title elementor-size-xl\">\u00bfQu\u00e9 servicios ofrecemos?<\/h2>\t\t<\/div>\n\t\t\t\t<\/div>\n\t\t\t\t<section class=\"elementor-section elementor-inner-section elementor-element elementor-element-51fae1bf elementor-section-content-middle elementor-section-boxed elementor-section-height-default elementor-section-height-default\" data-id=\"51fae1bf\" data-element_type=\"section\">\n\t\t\t\t\t\t<div class=\"elementor-container elementor-column-gap-no\">\n\t\t\t\t\t<div class=\"elementor-column elementor-col-33 elementor-inner-column elementor-element elementor-element-419fb0a9\" data-id=\"419fb0a9\" data-element_type=\"column\">\n\t\t\t<div class=\"elementor-widget-wrap elementor-element-populated\">\n\t\t\t\t\t\t<div class=\"elementor-element elementor-element-6f5ee0d2 elementor-widget elementor-widget-image\" data-id=\"6f5ee0d2\" data-element_type=\"widget\" data-widget_type=\"image.default\">\n\t\t\t\t<div class=\"elementor-widget-container\">\n\t\t\t<style>\/*! elementor - v3.19.0 - 05-02-2024 *\/\n.elementor-widget-image{text-align:center}.elementor-widget-image a{display:inline-block}.elementor-widget-image a img[src$=\".svg\"]{width:48px}.elementor-widget-image img{vertical-align:middle;display:inline-block}<\/style>\t\t\t\t\t\t\t\t\t\t<img fetchpriority=\"high\" decoding=\"async\" width=\"600\" height=\"500\" src=\"https:\/\/fisioterapiaenlleida.com\/wp-content\/uploads\/2024\/01\/grupospersonas-600x500-1.png\" class=\"attachment-large size-large wp-image-137\" alt=\"\" srcset=\"https:\/\/fisioterapiaenlleida.com\/wp-content\/uploads\/2024\/01\/grupospersonas-600x500-1.png 600w, https:\/\/fisioterapiaenlleida.com\/wp-content\/uploads\/2024\/01\/grupospersonas-600x500-1-300x250.png 300w\" sizes=\"(max-width: 600px) 100vw, 600px\" title=\"\">\t\t\t\t\t\t\t\t\t\t\t\t\t<\/div>\n\t\t\t\t<\/div>\n\t\t\t\t\t<\/div>\n\t\t<\/div>\n\t\t\t\t<div class=\"elementor-column elementor-col-33 elementor-inner-column elementor-element elementor-element-3b14f4b3\" data-id=\"3b14f4b3\" data-element_type=\"column\">\n\t\t\t<div class=\"elementor-widget-wrap elementor-element-populated\">\n\t\t\t\t\t\t<div class=\"elementor-element elementor-element-3b53bdb6 elementor-widget elementor-widget-heading\" data-id=\"3b53bdb6\" data-element_type=\"widget\" data-widget_type=\"heading.default\">\n\t\t\t\t<div class=\"elementor-widget-container\">\n\t\t\t<h2 class=\"elementor-heading-title elementor-size-default\"><a href=\"https:\/\/fisioterapiacf.com\/serveis\/fisioterapia\/\" rel=\"nofollow noopener\" target=\"_blank\">Fisioter\u00e0pia y Osteopatia<\/a><\/h2>\t\t<\/div>\n\t\t\t\t<\/div>\n\t\t\t\t<div class=\"elementor-element elementor-element-33802b77 elementor-widget elementor-widget-text-editor\" data-id=\"33802b77\" data-element_type=\"widget\" data-widget_type=\"text-editor.default\">\n\t\t\t\t<div class=\"elementor-widget-container\">\n\t\t\t\t\t\t\t<p id=\"tw-target-text\" class=\"tw-data-text tw-text-large tw-ta\" dir=\"ltr\" data-placeholder=\"Traducci\u00f3n\" data-ved=\"2ahUKEwifjueN4fCDAxUFV6QEHdY4AScQ3ewLegQIARAP\"><span class=\"Y2IQFc\" lang=\"es\">En nuestro centro encontrar\u00e1s soluci\u00f3n a tus problemas de tendinitis y tendinopat\u00edas, fascitis plantar, s\u00edndrome del dolor miofascial, roturas musculares o roturas de fibras, esguinces, dolores, hormigueo, mareos, cefaleas, tort\u00edcolis, fracturas, contracturas, lumbalgia cervicalgias, latigazo cervical y otras patolog\u00edas<\/span>.<\/p>\t\t\t\t\t\t<\/div>\n\t\t\t\t<\/div>\n\t\t\t\t\t<\/div>\n\t\t<\/div>\n\t\t\t\t<div class=\"elementor-column elementor-col-33 elementor-inner-column elementor-element elementor-element-74944c0b\" data-id=\"74944c0b\" data-element_type=\"column\">\n\t\t\t<div class=\"elementor-widget-wrap elementor-element-populated\">\n\t\t\t\t\t\t<div class=\"elementor-element elementor-element-665a6420 elementor-widget elementor-widget-image\" data-id=\"665a6420\" data-element_type=\"widget\" data-widget_type=\"image.default\">\n\t\t\t\t<div class=\"elementor-widget-container\">\n\t\t\t\t\t\t\t\t\t\t\t\t\t<img decoding=\"async\" width=\"800\" height=\"815\" src=\"https:\/\/fisioterapiaenlleida.com\/wp-content\/uploads\/2024\/01\/4-1.png\" class=\"attachment-large size-large wp-image-145\" alt=\"\" srcset=\"https:\/\/fisioterapiaenlleida.com\/wp-content\/uploads\/2024\/01\/4-1.png 1000w, https:\/\/fisioterapiaenlleida.com\/wp-content\/uploads\/2024\/01\/4-1-294x300.png 294w, https:\/\/fisioterapiaenlleida.com\/wp-content\/uploads\/2024\/01\/4-1-768x783.png 768w\" sizes=\"(max-width: 800px) 100vw, 800px\" title=\"\">\t\t\t\t\t\t\t\t\t\t\t\t\t<\/div>\n\t\t\t\t<\/div>\n\t\t\t\t\t<\/div>\n\t\t<\/div>\n\t\t\t\t\t<\/div>\n\t\t<\/section>\n\t\t\t\t<section class=\"elementor-section elementor-inner-section elementor-element elementor-element-422fa73 elementor-section-content-middle elementor-section-boxed elementor-section-height-default elementor-section-height-default\" data-id=\"422fa73\" data-element_type=\"section\">\n\t\t\t\t\t\t<div class=\"elementor-container elementor-column-gap-no\">\n\t\t\t\t\t<div class=\"elementor-column elementor-col-33 elementor-inner-column elementor-element elementor-element-49dacd86\" data-id=\"49dacd86\" data-element_type=\"column\">\n\t\t\t<div class=\"elementor-widget-wrap elementor-element-populated\">\n\t\t\t\t\t\t<div class=\"elementor-element elementor-element-3186f385 elementor-widget elementor-widget-heading\" data-id=\"3186f385\" data-element_type=\"widget\" data-widget_type=\"heading.default\">\n\t\t\t\t<div class=\"elementor-widget-container\">\n\t\t\t<h2 class=\"elementor-heading-title elementor-size-default\"><a href=\"https:\/\/fisioterapiacf.com\/serveis\/ioga-y-pilates\/\" rel=\"nofollow noopener\" target=\"_blank\">Pilates y m\u00e1s ...<\/a><\/h2>\t\t<\/div>\n\t\t\t\t<\/div>\n\t\t\t\t<div class=\"elementor-element elementor-element-13d5029b elementor-widget elementor-widget-text-editor\" data-id=\"13d5029b\" data-element_type=\"widget\" data-widget_type=\"text-editor.default\">\n\t\t\t\t<div class=\"elementor-widget-container\">\n\t\t\t\t\t\t\t<p>Actividad basada en pilates y yoga, dedicando un espacio a la relajaci\u00f3n y sus beneficios.<br \/>Desarrollada en sesiones de grupos reducidos de m\u00e1ximo 6 personas.<br \/>Pilates y m\u00e1s&#8230; al alcance de todos: estiramientos, tonificaci\u00f3n muscular, control de la respiraci\u00f3n y conciencia de la postura corporal.<\/p>\t\t\t\t\t\t<\/div>\n\t\t\t\t<\/div>\n\t\t\t\t\t<\/div>\n\t\t<\/div>\n\t\t\t\t<div class=\"elementor-column elementor-col-33 elementor-inner-column elementor-element elementor-element-5090c73d\" data-id=\"5090c73d\" data-element_type=\"column\">\n\t\t\t<div class=\"elementor-widget-wrap elementor-element-populated\">\n\t\t\t\t\t\t<div class=\"elementor-element elementor-element-48a80d9e elementor-widget elementor-widget-image\" data-id=\"48a80d9e\" data-element_type=\"widget\" data-widget_type=\"image.default\">\n\t\t\t\t<div class=\"elementor-widget-container\">\n\t\t\t\t\t\t\t\t\t\t\t\t\t<img decoding=\"async\" width=\"600\" height=\"500\" src=\"https:\/\/fisioterapiaenlleida.com\/wp-content\/uploads\/2024\/01\/fissioterapia2-600x500-1.png\" class=\"attachment-large size-large wp-image-146\" alt=\"\" srcset=\"https:\/\/fisioterapiaenlleida.com\/wp-content\/uploads\/2024\/01\/fissioterapia2-600x500-1.png 600w, https:\/\/fisioterapiaenlleida.com\/wp-content\/uploads\/2024\/01\/fissioterapia2-600x500-1-300x250.png 300w\" sizes=\"(max-width: 600px) 100vw, 600px\" title=\"\">\t\t\t\t\t\t\t\t\t\t\t\t\t<\/div>\n\t\t\t\t<\/div>\n\t\t\t\t\t<\/div>\n\t\t<\/div>\n\t\t\t\t<div class=\"elementor-column elementor-col-33 elementor-inner-column elementor-element elementor-element-1f20c37d\" data-id=\"1f20c37d\" data-element_type=\"column\">\n\t\t\t<div class=\"elementor-widget-wrap elementor-element-populated\">\n\t\t\t\t\t\t<div class=\"elementor-element elementor-element-1c2f1d2d elementor-widget elementor-widget-heading\" data-id=\"1c2f1d2d\" data-element_type=\"widget\" data-widget_type=\"heading.default\">\n\t\t\t\t<div class=\"elementor-widget-container\">\n\t\t\t<h2 class=\"elementor-heading-title elementor-size-default\"><a href=\"https:\/\/fisioterapiacf.com\/serveis\/pronokal\/\" rel=\"nofollow noopener\" target=\"_blank\">M\u00e9todo ProGen <\/a><\/h2>\t\t<\/div>\n\t\t\t\t<\/div>\n\t\t\t\t<div class=\"elementor-element elementor-element-1518e223 elementor-widget elementor-widget-text-editor\" data-id=\"1518e223\" data-element_type=\"widget\" data-widget_type=\"text-editor.default\">\n\t\t\t\t<div class=\"elementor-widget-container\">\n\t\t\t\t\t\t\t<p>El m\u00e9todo ProGen es un tratamiento m\u00e9dico para perder peso y mejorar la composici\u00f3n corporal seg\u00fan tu perfil gen\u00e9tico. Est\u00e1 basado por un lado, en la dieta cetog\u00e9nica a medida y, por otro, en la reeducaci\u00f3n de los h\u00e1bitos alimenticios.<\/p><p>Ayudarte a perder peso es s\u00f3lo el primer paso para aprender a alimentarte de forma saludable y mejorar tu vida y bienestar para siempre.<\/p>\t\t\t\t\t\t<\/div>\n\t\t\t\t<\/div>\n\t\t\t\t\t<\/div>\n\t\t<\/div>\n\t\t\t\t\t<\/div>\n\t\t<\/section>\n\t\t\t\t\t<\/div>\n\t\t<\/div>\n\t\t\t\t\t<\/div>\n\t\t<\/section>\n\t\t<div class=\"elementor-element elementor-element-926b4f2 e-flex e-con-boxed e-con e-parent\" data-id=\"926b4f2\" data-element_type=\"container\" data-settings=\"{&quot;content_width&quot;:&quot;boxed&quot;}\" data-core-v316-plus=\"true\">\n\t\t\t\t\t<div class=\"e-con-inner\">\n\t\t\t\t<div class=\"elementor-element elementor-element-cd9e329 elementor-widget elementor-widget-bdt-cookie-consent\" data-id=\"cd9e329\" data-element_type=\"widget\" data-widget_type=\"bdt-cookie-consent.default\">\n\t\t\t\t<div class=\"elementor-widget-container\">\n\t\t\t\n\t\t\t<div class=\"bdt-cookie-consent bdt-hidden\" data-settings=\"{&quot;position&quot;:&quot;bottom&quot;,&quot;static&quot;:false,&quot;content&quot;:{&quot;message&quot;:&quot;Utilizamos cookies propias y de terceros para obtener datos estad\\u00edsticos de la navegaci\\u00f3n de nuestros usuarios y mejorar nuestros servicios. Si acepta o contin\\u00faa navegando, consideramos que acepta su uso.&quot;,&quot;dismiss&quot;:&quot;Aceptar&quot;,&quot;link&quot;:&quot;Pol\\u00edtica de cookies&quot;,&quot;href&quot;:&quot;http:\\\/\\\/cookiesandyou.com\\\/&quot;,&quot;custom_attr&quot;:&quot;rel=\\&quot;noopener noreferrer nofollow\\&quot;&quot;},&quot;cookie&quot;:{&quot;name&quot;:&quot;element_pack_cookie_widget&quot;,&quot;domain&quot;:&quot;fisioterapiaenlleida.com&quot;,&quot;expiryDays&quot;:7}}\"><\/div>\n\n\t\t<\/div>\n\t\t\t\t<\/div>\n\t\t\t\t\t<\/div>\n\t\t\t\t<\/div>\n\t\t\t\t<\/div>\n\t\t","protected":false},"excerpt":{"rendered":"<p>En el Centro de Fisioterapia CF en Lleida gracias a la experiencia y formaci\u00f3n de nuestro equipo de profesionales cualificados le garantizamos una asistencia de calidad y confianza.<\/p>","protected":false},"author":1,"featured_media":89,"parent":0,"menu_order":1,"comment_status":"closed","ping_status":"closed","template":"","meta":{"footnotes":""},"class_list":["post-96","page","type-page","status-publish","has-post-thumbnail","hentry"],"_links":{"self":[{"href":"https:\/\/fisioterapiaenlleida.com\/ca\/wp-json\/wp\/v2\/pages\/96","targetHints":{"allow":["GET"]}}],"collection":[{"href":"https:\/\/fisioterapiaenlleida.com\/ca\/wp-json\/wp\/v2\/pages"}],"about":[{"href":"https:\/\/fisioterapiaenlleida.com\/ca\/wp-json\/wp\/v2\/types\/page"}],"author":[{"embeddable":true,"href":"https:\/\/fisioterapiaenlleida.com\/ca\/wp-json\/wp\/v2\/users\/1"}],"replies":[{"embeddable":true,"href":"https:\/\/fisioterapiaenlleida.com\/ca\/wp-json\/wp\/v2\/comments?post=96"}],"version-history":[{"count":26,"href":"https:\/\/fisioterapiaenlleida.com\/ca\/wp-json\/wp\/v2\/pages\/96\/revisions"}],"predecessor-version":[{"id":543,"href":"https:\/\/fisioterapiaenlleida.com\/ca\/wp-json\/wp\/v2\/pages\/96\/revisions\/543"}],"wp:featuredmedia":[{"embeddable":true,"href":"https:\/\/fisioterapiaenlleida.com\/ca\/wp-json\/wp\/v2\/media\/89"}],"wp:attachment":[{"href":"https:\/\/fisioterapiaenlleida.com\/ca\/wp-json\/wp\/v2\/media?parent=96"}],"curies":[{"name":"wp","href":"https:\/\/api.w.org\/{rel}","templated":true}]}}